{"id":446,"date":"2024-07-21T09:01:44","date_gmt":"2024-07-21T13:01:44","guid":{"rendered":"https:\/\/canhav.ca\/lalliance\/"},"modified":"2024-08-05T16:35:31","modified_gmt":"2024-08-05T20:35:31","slug":"lalliance","status":"publish","type":"page","link":"https:\/\/canhav.ca\/fr\/lalliance\/","title":{"rendered":"l&rsquo;Alliance"},"content":{"rendered":"\t\t<div data-elementor-type=\"wp-page\" data-elementor-id=\"446\" class=\"elementor elementor-446 elementor-371\" data-elementor-post-type=\"page\">\n\t\t\t\t<div class=\"elementor-element elementor-element-3fe5a4c e-flex e-con-boxed e-con e-parent\" data-id=\"3fe5a4c\" data-element_type=\"container\" data-e-type=\"container\">\n\t\t\t\t\t<div class=\"e-con-inner\">\n\t\t\t\t<div class=\"elementor-element elementor-element-d37822a elementor-position-top elementor-widget elementor-widget-image-box\" data-id=\"d37822a\" data-element_type=\"widget\" data-e-type=\"widget\" data-widget_type=\"image-box.default\">\n\t\t\t\t\t<div class=\"elementor-image-box-wrapper\"><figure class=\"elementor-image-box-img\"><a href=\"#elementor-action%3Aaction%3Dpopup%3Aopen%26settings%3DeyJpZCI6NTgwLCJ0b2dnbGUiOmZhbHNlfQ%3D%3D\" tabindex=\"-1\"><img fetchpriority=\"high\" decoding=\"async\" width=\"500\" height=\"400\" src=\"https:\/\/canhav.ca\/wp-content\/uploads\/2024\/08\/Headshot-Michael-PULLEN.webp\" class=\"attachment-full size-full wp-image-832\" alt=\"Michael Pullen\" srcset=\"https:\/\/canhav.ca\/wp-content\/uploads\/2024\/08\/Headshot-Michael-PULLEN.webp 500w, https:\/\/canhav.ca\/wp-content\/uploads\/2024\/08\/Headshot-Michael-PULLEN-300x240.webp 300w\" sizes=\"(max-width: 500px) 100vw, 500px\" \/><\/a><\/figure><div class=\"elementor-image-box-content\"><h3 class=\"elementor-image-box-title\"><a href=\"#elementor-action%3Aaction%3Dpopup%3Aopen%26settings%3DeyJpZCI6NTgwLCJ0b2dnbGUiOmZhbHNlfQ%3D%3D\">Michael Pullen<\/a><\/h3><p class=\"elementor-image-box-description\">Associ\u00e9 g\u00e9rant<\/p><\/div><\/div>\t\t\t\t<\/div>\n\t\t\t\t<div class=\"elementor-element elementor-element-5b9c9c1 elementor-position-top elementor-widget elementor-widget-image-box\" data-id=\"5b9c9c1\" data-element_type=\"widget\" data-e-type=\"widget\" data-widget_type=\"image-box.default\">\n\t\t\t\t\t<div class=\"elementor-image-box-wrapper\"><figure class=\"elementor-image-box-img\"><a href=\"#elementor-action%3Aaction%3Dpopup%3Aopen%26settings%3DeyJpZCI6NTkwLCJ0b2dnbGUiOmZhbHNlfQ%3D%3D\" tabindex=\"-1\"><img decoding=\"async\" width=\"500\" height=\"400\" src=\"https:\/\/canhav.ca\/wp-content\/uploads\/2024\/08\/Headshot-AbuDauda.webp\" class=\"attachment-full size-full wp-image-834\" alt=\"Abu Dauda\" srcset=\"https:\/\/canhav.ca\/wp-content\/uploads\/2024\/08\/Headshot-AbuDauda.webp 500w, https:\/\/canhav.ca\/wp-content\/uploads\/2024\/08\/Headshot-AbuDauda-300x240.webp 300w\" sizes=\"(max-width: 500px) 100vw, 500px\" \/><\/a><\/figure><div class=\"elementor-image-box-content\"><h3 class=\"elementor-image-box-title\"><a href=\"#elementor-action%3Aaction%3Dpopup%3Aopen%26settings%3DeyJpZCI6NTkwLCJ0b2dnbGUiOmZhbHNlfQ%3D%3D\">Abu Dauda<\/a><\/h3><p class=\"elementor-image-box-description\">Associ\u00e9 g\u00e9rant<\/p><\/div><\/div>\t\t\t\t<\/div>\n\t\t\t\t<div class=\"elementor-element elementor-element-09b9953 elementor-position-top elementor-widget elementor-widget-image-box\" data-id=\"09b9953\" data-element_type=\"widget\" data-e-type=\"widget\" data-widget_type=\"image-box.default\">\n\t\t\t\t\t<div class=\"elementor-image-box-wrapper\"><figure class=\"elementor-image-box-img\"><a href=\"#elementor-action%3Aaction%3Dpopup%3Aopen%26settings%3DeyJpZCI6NjAwLCJ0b2dnbGUiOmZhbHNlfQ%3D%3D\" tabindex=\"-1\"><img decoding=\"async\" width=\"500\" height=\"400\" src=\"https:\/\/canhav.ca\/wp-content\/uploads\/2024\/08\/Headshot-MichaelBarton.webp\" class=\"attachment-full size-full wp-image-836\" alt=\"Michael Barton\" srcset=\"https:\/\/canhav.ca\/wp-content\/uploads\/2024\/08\/Headshot-MichaelBarton.webp 500w, https:\/\/canhav.ca\/wp-content\/uploads\/2024\/08\/Headshot-MichaelBarton-300x240.webp 300w\" sizes=\"(max-width: 500px) 100vw, 500px\" \/><\/a><\/figure><div class=\"elementor-image-box-content\"><h3 class=\"elementor-image-box-title\"><a href=\"#elementor-action%3Aaction%3Dpopup%3Aopen%26settings%3DeyJpZCI6NjAwLCJ0b2dnbGUiOmZhbHNlfQ%3D%3D\">Michael Barton<\/a><\/h3><p class=\"elementor-image-box-description\">Collaborateur principal<\/p><\/div><\/div>\t\t\t\t<\/div>\n\t\t\t\t<div class=\"elementor-element elementor-element-f39dad8 elementor-position-top elementor-widget elementor-widget-image-box\" data-id=\"f39dad8\" data-element_type=\"widget\" data-e-type=\"widget\" data-widget_type=\"image-box.default\">\n\t\t\t\t\t<div class=\"elementor-image-box-wrapper\"><figure class=\"elementor-image-box-img\"><a href=\"#elementor-action%3Aaction%3Dpopup%3Aopen%26settings%3DeyJpZCI6NjA3LCJ0b2dnbGUiOmZhbHNlfQ%3D%3D\" tabindex=\"-1\"><img loading=\"lazy\" decoding=\"async\" width=\"500\" height=\"400\" src=\"https:\/\/canhav.ca\/wp-content\/uploads\/2024\/08\/Headshot-ChrisHouston.webp\" class=\"attachment-full size-full wp-image-838\" alt=\"\" srcset=\"https:\/\/canhav.ca\/wp-content\/uploads\/2024\/08\/Headshot-ChrisHouston.webp 500w, https:\/\/canhav.ca\/wp-content\/uploads\/2024\/08\/Headshot-ChrisHouston-300x240.webp 300w\" sizes=\"(max-width: 500px) 100vw, 500px\" \/><\/a><\/figure><div class=\"elementor-image-box-content\"><h3 class=\"elementor-image-box-title\"><a href=\"#elementor-action%3Aaction%3Dpopup%3Aopen%26settings%3DeyJpZCI6NjA3LCJ0b2dnbGUiOmZhbHNlfQ%3D%3D\">Chris Houston<\/a><\/h3><p class=\"elementor-image-box-description\">Collaborateur principal<\/p><\/div><\/div>\t\t\t\t<\/div>\n\t\t\t\t\t<\/div>\n\t\t\t\t<\/div>\n\t\t<div class=\"elementor-element elementor-element-a8dd889 e-flex e-con-boxed e-con e-parent\" data-id=\"a8dd889\" data-element_type=\"container\" data-e-type=\"container\">\n\t\t\t\t\t<div class=\"e-con-inner\">\n\t\t\t\t<div class=\"elementor-element elementor-element-c8b0ae8 elementor-widget elementor-widget-text-editor\" data-id=\"c8b0ae8\" data-element_type=\"widget\" data-e-type=\"widget\" data-widget_type=\"text-editor.default\">\n\t\t\t\t\t\t\t\t\t<h4>CANHAV a \u00e9t\u00e9 fond\u00e9 en 2024 et construit actuellement l&rsquo;Alliance.<\/h4>\n<p>Voyez-vous un avenir meilleur avec le d\u00e9veloppement de v\u00e9hicules plus l\u00e9gers que l&rsquo;air ?<\/p>\n\t\t\t\t\t\t\t\t<\/div>\n\t\t\t\t<div class=\"elementor-element elementor-element-eeaf50a elementor-widget elementor-widget-image\" data-id=\"eeaf50a\" data-element_type=\"widget\" data-e-type=\"widget\" data-widget_type=\"image.default\">\n\t\t\t\t\t\t\t\t\t\t\t\t\t\t\t<img loading=\"lazy\" decoding=\"async\" width=\"2560\" height=\"1707\" src=\"https:\/\/canhav.ca\/wp-content\/uploads\/2024\/07\/Sunny-Rays-scaled.webp\" class=\"attachment-full size-full wp-image-380\" alt=\"Rays of sunlight peaking through the clouds\" srcset=\"https:\/\/canhav.ca\/wp-content\/uploads\/2024\/07\/Sunny-Rays-scaled.webp 2560w, https:\/\/canhav.ca\/wp-content\/uploads\/2024\/07\/Sunny-Rays-300x200.webp 300w, https:\/\/canhav.ca\/wp-content\/uploads\/2024\/07\/Sunny-Rays-1024x683.webp 1024w, https:\/\/canhav.ca\/wp-content\/uploads\/2024\/07\/Sunny-Rays-768x512.webp 768w, https:\/\/canhav.ca\/wp-content\/uploads\/2024\/07\/Sunny-Rays-1536x1024.webp 1536w, https:\/\/canhav.ca\/wp-content\/uploads\/2024\/07\/Sunny-Rays-2048x1365.webp 2048w\" sizes=\"(max-width: 2560px) 100vw, 2560px\" \/>\t\t\t\t\t\t\t\t\t\t\t\t\t\t\t<\/div>\n\t\t\t\t\t<\/div>\n\t\t\t\t<\/div>\n\t\t<div class=\"elementor-element elementor-element-678fee3 e-flex e-con-boxed e-con e-parent\" data-id=\"678fee3\" data-element_type=\"container\" data-e-type=\"container\">\n\t\t\t\t\t<div class=\"e-con-inner\">\n\t\t\t\t<div class=\"elementor-element elementor-element-46643d8 elementor-widget__width-initial elementor-widget-mobile__width-inherit elementor-view-default elementor-position-block-start elementor-mobile-position-block-start elementor-widget elementor-widget-icon-box\" data-id=\"46643d8\" data-element_type=\"widget\" data-e-type=\"widget\" data-widget_type=\"icon-box.default\">\n\t\t\t\t\t\t\t<div class=\"elementor-icon-box-wrapper\">\n\n\t\t\t\t\t\t<div class=\"elementor-icon-box-icon\">\n\t\t\t\t<a href=\"https:\/\/canhav.ca\/fr\/politiques-de-lalliance-canhav\/\" class=\"elementor-icon\" tabindex=\"-1\" aria-label=\"Meilleures pratiques des entreprises\">\n\t\t\t\t<svg aria-hidden=\"true\" class=\"e-font-icon-svg e-fas-equals\" viewBox=\"0 0 448 512\" xmlns=\"http:\/\/www.w3.org\/2000\/svg\"><path d=\"M416 304H32c-17.67 0-32 14.33-32 32v32c0 17.67 14.33 32 32 32h384c17.67 0 32-14.33 32-32v-32c0-17.67-14.33-32-32-32zm0-192H32c-17.67 0-32 14.33-32 32v32c0 17.67 14.33 32 32 32h384c17.67 0 32-14.33 32-32v-32c0-17.67-14.33-32-32-32z\"><\/path><\/svg>\t\t\t\t<\/a>\n\t\t\t<\/div>\n\t\t\t\n\t\t\t\t\t\t<div class=\"elementor-icon-box-content\">\n\n\t\t\t\t\t\t\t\t\t<h3 class=\"elementor-icon-box-title\">\n\t\t\t\t\t\t<a href=\"https:\/\/canhav.ca\/fr\/politiques-de-lalliance-canhav\/\" >\n\t\t\t\t\t\t\tMeilleures pratiques des entreprises\t\t\t\t\t\t<\/a>\n\t\t\t\t\t<\/h3>\n\t\t\t\t\n\t\t\t\t\t\t\t\t\t<p class=\"elementor-icon-box-description\">\n\t\t\t\t\t\tNous pensons que l'inclusion, la diversit\u00e9, l'\u00e9quit\u00e9 et l'accessibilit\u00e9 sont les moteurs d'une bonne gestion des affaires.  <a href=\"https:\/\/canhav.ca\/fr\/politiques-de-lalliance-canhav\/\">En savoir plus...<\/a>\t\t\t\t\t<\/p>\n\t\t\t\t\n\t\t\t<\/div>\n\t\t\t\n\t\t<\/div>\n\t\t\t\t\t\t<\/div>\n\t\t\t\t<div class=\"elementor-element elementor-element-1796936 elementor-widget__width-initial elementor-widget-mobile__width-inherit elementor-view-default elementor-position-block-start elementor-mobile-position-block-start elementor-widget elementor-widget-icon-box\" data-id=\"1796936\" data-element_type=\"widget\" data-e-type=\"widget\" data-widget_type=\"icon-box.default\">\n\t\t\t\t\t\t\t<div class=\"elementor-icon-box-wrapper\">\n\n\t\t\t\t\t\t<div class=\"elementor-icon-box-icon\">\n\t\t\t\t<a href=\"https:\/\/canhav.ca\/fr\/perspectives\/\" class=\"elementor-icon\" tabindex=\"-1\" aria-label=\"Derni\u00e8res nouvelles et r\u00e9flexions\">\n\t\t\t\t<svg aria-hidden=\"true\" class=\"e-font-icon-svg e-far-newspaper\" viewBox=\"0 0 576 512\" xmlns=\"http:\/\/www.w3.org\/2000\/svg\"><path d=\"M552 64H112c-20.858 0-38.643 13.377-45.248 32H24c-13.255 0-24 10.745-24 24v272c0 30.928 25.072 56 56 56h496c13.255 0 24-10.745 24-24V88c0-13.255-10.745-24-24-24zM48 392V144h16v248c0 4.411-3.589 8-8 8s-8-3.589-8-8zm480 8H111.422c.374-2.614.578-5.283.578-8V112h416v288zM172 280h136c6.627 0 12-5.373 12-12v-96c0-6.627-5.373-12-12-12H172c-6.627 0-12 5.373-12 12v96c0 6.627 5.373 12 12 12zm28-80h80v40h-80v-40zm-40 140v-24c0-6.627 5.373-12 12-12h136c6.627 0 12 5.373 12 12v24c0 6.627-5.373 12-12 12H172c-6.627 0-12-5.373-12-12zm192 0v-24c0-6.627 5.373-12 12-12h104c6.627 0 12 5.373 12 12v24c0 6.627-5.373 12-12 12H364c-6.627 0-12-5.373-12-12zm0-144v-24c0-6.627 5.373-12 12-12h104c6.627 0 12 5.373 12 12v24c0 6.627-5.373 12-12 12H364c-6.627 0-12-5.373-12-12zm0 72v-24c0-6.627 5.373-12 12-12h104c6.627 0 12 5.373 12 12v24c0 6.627-5.373 12-12 12H364c-6.627 0-12-5.373-12-12z\"><\/path><\/svg>\t\t\t\t<\/a>\n\t\t\t<\/div>\n\t\t\t\n\t\t\t\t\t\t<div class=\"elementor-icon-box-content\">\n\n\t\t\t\t\t\t\t\t\t<h3 class=\"elementor-icon-box-title\">\n\t\t\t\t\t\t<a href=\"https:\/\/canhav.ca\/fr\/perspectives\/\" >\n\t\t\t\t\t\t\tDerni\u00e8res nouvelles et r\u00e9flexions\t\t\t\t\t\t<\/a>\n\t\t\t\t\t<\/h3>\n\t\t\t\t\n\t\t\t\t\t\t\t\t\t<p class=\"elementor-icon-box-description\">\n\t\t\t\t\t\tNous \u00e9levons le niveau de la conversation concernant l'industrie des dirigeables et des a\u00e9rostats.  <a href=\"https:\/\/canhav.ca\/fr\/perspectives\/\">En savoir plus...<\/a>\t\t\t\t\t<\/p>\n\t\t\t\t\n\t\t\t<\/div>\n\t\t\t\n\t\t<\/div>\n\t\t\t\t\t\t<\/div>\n\t\t\t\t<div class=\"elementor-element elementor-element-e677e16 elementor-widget__width-initial elementor-widget-mobile__width-inherit elementor-view-default elementor-position-block-start elementor-mobile-position-block-start elementor-widget elementor-widget-icon-box\" data-id=\"e677e16\" data-element_type=\"widget\" data-e-type=\"widget\" data-widget_type=\"icon-box.default\">\n\t\t\t\t\t\t\t<div class=\"elementor-icon-box-wrapper\">\n\n\t\t\t\t\t\t<div class=\"elementor-icon-box-icon\">\n\t\t\t\t<a href=\"https:\/\/canhav.ca\/fr\/contacter-canhav-alliance\/\" class=\"elementor-icon\" tabindex=\"-1\" aria-label=\"Connectons-nous\">\n\t\t\t\t<svg aria-hidden=\"true\" class=\"e-font-icon-svg e-far-paper-plane\" viewBox=\"0 0 512 512\" xmlns=\"http:\/\/www.w3.org\/2000\/svg\"><path d=\"M440 6.5L24 246.4c-34.4 19.9-31.1 70.8 5.7 85.9L144 379.6V464c0 46.4 59.2 65.5 86.6 28.6l43.8-59.1 111.9 46.2c5.9 2.4 12.1 3.6 18.3 3.6 8.2 0 16.3-2.1 23.6-6.2 12.8-7.2 21.6-20 23.9-34.5l59.4-387.2c6.1-40.1-36.9-68.8-71.5-48.9zM192 464v-64.6l36.6 15.1L192 464zm212.6-28.7l-153.8-63.5L391 169.5c10.7-15.5-9.5-33.5-23.7-21.2L155.8 332.6 48 288 464 48l-59.4 387.3z\"><\/path><\/svg>\t\t\t\t<\/a>\n\t\t\t<\/div>\n\t\t\t\n\t\t\t\t\t\t<div class=\"elementor-icon-box-content\">\n\n\t\t\t\t\t\t\t\t\t<h3 class=\"elementor-icon-box-title\">\n\t\t\t\t\t\t<a href=\"https:\/\/canhav.ca\/fr\/contacter-canhav-alliance\/\" >\n\t\t\t\t\t\t\tConnectons-nous\t\t\t\t\t\t<\/a>\n\t\t\t\t\t<\/h3>\n\t\t\t\t\n\t\t\t\t\t\t\t\t\t<p class=\"elementor-icon-box-description\">\n\t\t\t\t\t\tD\u00e9couvrez comment nous pouvons faire progresser votre r\u00e9ussite.<br><a href=\"https:\/\/canhav.ca\/fr\/contacter-canhav-alliance\/\">Commen\u00e7ons...<\/a>\t\t\t\t\t<\/p>\n\t\t\t\t\n\t\t\t<\/div>\n\t\t\t\n\t\t<\/div>\n\t\t\t\t\t\t<\/div>\n\t\t\t\t\t<\/div>\n\t\t\t\t<\/div>\n\t\t\t\t<\/div>\n\t\t","protected":false},"excerpt":{"rendered":"<p>Michael Pullen Associ\u00e9 g\u00e9rant Abu Dauda Associ\u00e9 g\u00e9rant Michael Barton Collaborateur principal Chris Houston Collaborateur principal CANHAV a \u00e9t\u00e9 fond\u00e9 en 2024 et construit actuellement l&rsquo;Alliance. Voyez-vous un avenir meilleur avec le d\u00e9veloppement de v\u00e9hicules plus l\u00e9gers que l&rsquo;air ? Meilleures pratiques des entreprises Nous pensons que l&rsquo;inclusion, la diversit\u00e9, l&rsquo;\u00e9quit\u00e9 et l&rsquo;accessibilit\u00e9 sont les [&hellip;]<\/p>\n","protected":false},"author":1,"featured_media":0,"parent":0,"menu_order":0,"comment_status":"closed","ping_status":"closed","template":"","meta":{"footnotes":""},"class_list":["post-446","page","type-page","status-publish","hentry"],"_links":{"self":[{"href":"https:\/\/canhav.ca\/fr\/wp-json\/wp\/v2\/pages\/446","targetHints":{"allow":["GET"]}}],"collection":[{"href":"https:\/\/canhav.ca\/fr\/wp-json\/wp\/v2\/pages"}],"about":[{"href":"https:\/\/canhav.ca\/fr\/wp-json\/wp\/v2\/types\/page"}],"author":[{"embeddable":true,"href":"https:\/\/canhav.ca\/fr\/wp-json\/wp\/v2\/users\/1"}],"replies":[{"embeddable":true,"href":"https:\/\/canhav.ca\/fr\/wp-json\/wp\/v2\/comments?post=446"}],"version-history":[{"count":0,"href":"https:\/\/canhav.ca\/fr\/wp-json\/wp\/v2\/pages\/446\/revisions"}],"wp:attachment":[{"href":"https:\/\/canhav.ca\/fr\/wp-json\/wp\/v2\/media?parent=446"}],"curies":[{"name":"wp","href":"https:\/\/api.w.org\/{rel}","templated":true}]}}