{"id":442,"date":"2024-07-21T14:10:18","date_gmt":"2024-07-21T18:10:18","guid":{"rendered":"https:\/\/canhav.ca\/politiques-de-lalliance-canhav\/"},"modified":"2024-11-20T16:01:45","modified_gmt":"2024-11-20T21:01:45","slug":"politiques-de-lalliance-canhav","status":"publish","type":"page","link":"https:\/\/canhav.ca\/fr\/politiques-de-lalliance-canhav\/","title":{"rendered":"Meilleures pratiques des entreprises"},"content":{"rendered":"\t\t<div data-elementor-type=\"wp-page\" data-elementor-id=\"442\" class=\"elementor elementor-442 elementor-422\" data-elementor-post-type=\"page\">\n\t\t\t\t<div class=\"elementor-element elementor-element-0bc4333 e-flex e-con-boxed e-con e-parent\" data-id=\"0bc4333\" data-element_type=\"container\" data-e-type=\"container\">\n\t\t\t\t\t<div class=\"e-con-inner\">\n\t\t\t\t<div class=\"elementor-element elementor-element-1a73c05 elementor-widget elementor-widget-heading\" data-id=\"1a73c05\" data-element_type=\"widget\" data-e-type=\"widget\" data-widget_type=\"heading.default\">\n\t\t\t\t\t<h2 class=\"elementor-heading-title elementor-size-default\">Politique \u00e9thique de CANHAV Alliance<\/h2>\t\t\t\t<\/div>\n\t\t\t\t<div class=\"elementor-element elementor-element-a6b52dd elementor-widget elementor-widget-text-editor\" data-id=\"a6b52dd\" data-element_type=\"widget\" data-e-type=\"widget\" data-widget_type=\"text-editor.default\">\n\t\t\t\t\t\t\t\t\t<h4>Introduction<\/h4>\n<p>Notre entreprise s&rsquo;engage \u00e0 promouvoir les dirigeables et les a\u00e9rostats d&rsquo;une mani\u00e8re \u00e9thique, durable et b\u00e9n\u00e9fique pour la communaut\u00e9. Nous veillons \u00e0 ce que nos activit\u00e9s et nos partenariats soient conformes \u00e0 nos valeurs fondamentales de gestion de l&rsquo;environnement, de bien-\u00eatre de la communaut\u00e9, de s\u00e9curit\u00e9 et de conduite responsable.<\/p>\n<ol>\n<li style=\"list-style-type: none;\">\n<ol>\n<li><b>Responsabilit\u00e9 environnementale<\/b><\/li>\n<\/ol>\n<\/li>\n<\/ol>\n<p>Nous sommes d\u00e9termin\u00e9s \u00e0 minimiser notre impact sur l&rsquo;environnement.<br \/>\nNos engagements sont les suivants :<\/p>\n<ol>\n<li style=\"list-style-type: none;\">\n<ol>\n<li style=\"list-style-type: none;\">\n<ul>\n<li style=\"font-weight: 400;\" aria-level=\"1\"><b>Pratiques durables :<\/b><span style=\"font-weight: 400;\"> Employer et promouvoir des pratiques durables dans le d\u00e9veloppement, l&rsquo;exploitation et la maintenance des dirigeables et a\u00e9rostats.<\/span><\/li>\n<li style=\"font-weight: 400;\" aria-level=\"1\"><b>Empreinte carbone :<\/b><span style=\"font-weight: 400;\"> R\u00e9duire notre empreinte carbone gr\u00e2ce \u00e0 des technologies innovantes et \u00e0 l&rsquo;efficacit\u00e9 op\u00e9rationnelle, en favorisant les r\u00e9unions num\u00e9riques et en permettant le travail \u00e0 domicile.<\/span><\/li>\n<li style=\"font-weight: 400;\" aria-level=\"1\"><b>\u00c9nergie renouvelable :<\/b> Donner la priorit\u00e9 aux sources d&rsquo;\u00e9nergie renouvelables et aux mat\u00e9riaux \u00e0 faible impact environnemental dans nos projets.<\/li>\n<li style=\"font-weight: 400;\" aria-level=\"1\"><b>Transport a\u00e9rien :<\/b> R\u00e9duction de l&#8217;empreinte carbone du transport a\u00e9rien par la promotion des dirigeables en tant qu&rsquo;alternatives respectueuses de l&rsquo;environnement.<\/li>\n<\/ul>\n<\/li>\n<li style=\"list-style-type: none;\">\n<ol start=\"2\">\n<li><b> Impact sur la communaut\u00e9<\/b><\/li>\n<\/ol>\n<\/li>\n<\/ol>\n<\/li>\n<\/ol>\n<p><span style=\"font-weight: 400;\">Nous privil\u00e9gions les relations harmonieuses avec les communaut\u00e9s que nous servons.<br \/>\nNos engagements sont les suivants : <\/span><\/p>\n<ol>\n<li style=\"list-style-type: none;\">\n<ol>\n<li style=\"list-style-type: none;\">\n<ul>\n<li style=\"font-weight: 400;\" aria-level=\"1\"><b>Engagement et transparence :<\/b><span style=\"font-weight: 400;\"> S&rsquo;engager avec les communaut\u00e9s locales de mani\u00e8re transparente, en veillant \u00e0 ce que leur voix soit entendue dans nos processus de prise de d\u00e9cision.<\/span><\/li>\n<li style=\"font-weight: 400;\" aria-level=\"1\"><b>Avantages locaux :<\/b><span style=\"font-weight: 400;\"> Avantages \u00e9conomiques et sociaux, y compris la cr\u00e9ation d&#8217;emplois et l&rsquo;am\u00e9lioration des infrastructures.<\/span><\/li>\n<li style=\"font-weight: 400;\" aria-level=\"1\"><b>Bruit et impact visuel :<\/b><span style=\"font-weight: 400;\"> Minimiser la pollution sonore et l&rsquo;impact visuel gr\u00e2ce \u00e0 une planification minutieuse et \u00e0 des technologies de pointe.<\/span><\/li>\n<li style=\"font-weight: 400;\" aria-level=\"1\"><b>Engagement des populations autochtones :<\/b><span style=\"font-weight: 400;\"> Engagement respectueux et significatif avec les communaut\u00e9s indig\u00e8nes, conform\u00e9ment aux appels \u00e0 l&rsquo;action de la Commission de v\u00e9rit\u00e9 et de r\u00e9conciliation du Canada.<\/span><\/li>\n<li style=\"font-weight: 400;\" aria-level=\"1\"><b>Sensibilit\u00e9 culturelle :<\/b><span style=\"font-weight: 400;\"> Promouvoir la sensibilit\u00e9 et la prise de conscience culturelles au sein de notre organisation et dans nos interactions avec les populations autochtones.<\/span><\/li>\n<\/ul>\n<\/li>\n<li style=\"list-style-type: none;\">\n<ol start=\"3\">\n<li><b> Engagement en faveur d&rsquo;un comportement responsable<\/b><\/li>\n<\/ol>\n<\/li>\n<\/ol>\n<\/li>\n<\/ol>\n<p><span style=\"font-weight: 400;\">Nous promouvons l&rsquo;utilisation responsable des dirigeables et des a\u00e9rostats.<br \/>\nNos engagements sont les suivants : <\/span><\/p>\n<ol>\n<li style=\"list-style-type: none;\">\n<ol>\n<li style=\"list-style-type: none;\">\n<ul>\n<li style=\"font-weight: 400;\" aria-level=\"1\"><b>Applications \u00e9thiques :<\/b><span style=\"font-weight: 400;\"> Les applications qui profitent \u00e0 la soci\u00e9t\u00e9, telles que l&rsquo;aide humanitaire, la surveillance de l&rsquo;environnement, la recherche scientifique et la logistique.<\/span><\/li>\n<li style=\"font-weight: 400;\" aria-level=\"1\"><b>Partenariats \u00e9thiques :<\/b><span style=\"font-weight: 400;\"> N&rsquo;\u00e9tablir des partenariats qu&rsquo;avec des organisations qui partagent notre engagement en mati\u00e8re de pratiques \u00e9thiques.<br \/>\nIl s&rsquo;agit notamment de travailler de mani\u00e8re responsable avec les gouvernements nationaux et les entit\u00e9s des secteurs de la d\u00e9fense et de la s\u00e9curit\u00e9. <\/span><\/li>\n<li style=\"font-weight: 400;\" aria-level=\"1\"><b>L&rsquo;\u00e9vitement des conflits :<\/b><span style=\"font-weight: 400;\"> \u00c9viter les projets qui contribuent \u00e0 des conflits ou \u00e0 des pratiques contraires \u00e0 l&rsquo;\u00e9thique.<br \/>\nMettre en \u0153uvre des strat\u00e9gies d&rsquo;\u00e9valuation et d&rsquo;att\u00e9nuation des risques afin de garantir le respect des lois internationales et des normes \u00e9thiques. <\/span><\/li>\n<\/ul>\n<\/li>\n<li style=\"list-style-type: none;\">\n<ol start=\"4\">\n<li><b> L&rsquo;accent sur la s\u00e9curit\u00e9<\/b><\/li>\n<\/ol>\n<\/li>\n<\/ol>\n<\/li>\n<\/ol>\n<p><span style=\"font-weight: 400;\">Nous nous engageons \u00e0 garantir la s\u00e9curit\u00e9 de nos activit\u00e9s, de nos employ\u00e9s et des communaut\u00e9s que nous servons.<br \/>\nNos engagements sont les suivants : <\/span><\/p>\n<ol>\n<li style=\"list-style-type: none;\">\n<ol>\n<li style=\"list-style-type: none;\">\n<ul>\n<li style=\"font-weight: 400;\" aria-level=\"1\"><b>Normes de s\u00e9curit\u00e9 :<\/b> Adh\u00e9rer aux normes de s\u00e9curit\u00e9 les plus \u00e9lev\u00e9es dans le d\u00e9veloppement, l&rsquo;exploitation et l&rsquo;entretien des dirigeables et des a\u00e9rostats.<\/li>\n<li style=\"font-weight: 400;\" aria-level=\"1\"><b>Gestion des risques :<\/b> Mise en \u0153uvre de strat\u00e9gies globales de gestion des risques afin d&rsquo;identifier et d&rsquo;att\u00e9nuer les risques potentiels en mati\u00e8re de s\u00e9curit\u00e9.<\/li>\n<li style=\"font-weight: 400;\" aria-level=\"1\"><b>Formation et \u00e9ducation :<\/b>assurer la formation et l&rsquo;\u00e9ducation continues de nos employ\u00e9s afin de maintenir une culture de la s\u00e9curit\u00e9 et de la pr\u00e9paration.<\/li>\n<\/ul>\n<\/li>\n<li style=\"list-style-type: none;\">\n<ol start=\"5\">\n<li><b> Am\u00e9lioration continue<\/b><\/li>\n<\/ol>\n<\/li>\n<\/ol>\n<\/li>\n<\/ol>\n<p><span style=\"font-weight: 400;\">Nous nous engageons \u00e0 une am\u00e9lioration continue.<br \/>\nNos engagements sont les suivants : <\/span><\/p>\n<ol>\n<li style=\"list-style-type: none;\">\n<ol>\n<li style=\"list-style-type: none;\">\n<ul>\n<li style=\"font-weight: 400;\" aria-level=\"1\"><b>\u00c9valuation continue :<\/b><span style=\"font-weight: 400;\"> \u00c9valuer et ajuster r\u00e9guli\u00e8rement nos pratiques et nos politiques afin de les aligner sur nos normes \u00e9thiques.<\/span><\/li>\n<li style=\"font-weight: 400;\" aria-level=\"1\"><b>Retour d&rsquo;information des parties prenantes :<\/b><span style=\"font-weight: 400;\"> Rechercher activement le retour d&rsquo;information des parties prenantes, afin d&rsquo;am\u00e9liorer nos pratiques \u00e9thiques.<\/span><\/li>\n<li style=\"font-weight: 400;\" aria-level=\"1\"><b>Transparence et responsabilit\u00e9 :<\/b><span style=\"font-weight: 400;\"> Maintenir la transparence dans nos op\u00e9rations et nous tenir responsables des normes \u00e9thiques les plus \u00e9lev\u00e9es.<\/span><\/li>\n<\/ul>\n<\/li>\n<\/ol>\n<\/li>\n<\/ol>\n<h4>Conclusion<\/h4>\n<p>Notre entreprise se consacre \u00e0 la promotion \u00e9thique des dirigeables et a\u00e9rostats, au b\u00e9n\u00e9fice des communaut\u00e9s, et au respect des principes de s\u00e9curit\u00e9 et de conduite responsable.<br \/>\nEn adh\u00e9rant \u00e0 cette politique d&rsquo;\u00e9thique, nous souhaitons apporter une contribution positive \u00e0 la soci\u00e9t\u00e9 et \u00e0 la plan\u00e8te.<\/p>\n<p><b>Approuv\u00e9 par :<\/b> Michael Pullen, associ\u00e9 g\u00e9rant, 24 juillet 2024<\/p>\n\t\t\t\t\t\t\t\t<\/div>\n\t\t\t\t<div class=\"elementor-element elementor-element-77791a1 elementor-widget elementor-widget-heading\" data-id=\"77791a1\" data-element_type=\"widget\" data-e-type=\"widget\" data-widget_type=\"heading.default\">\n\t\t\t\t\t<h2 class=\"elementor-heading-title elementor-size-default\">Code de conduite, comportement \u00e9thique et politique de lutte contre le harc\u00e8lement<\/h2>\t\t\t\t<\/div>\n\t\t\t\t<div class=\"elementor-element elementor-element-5877024 elementor-widget elementor-widget-text-editor\" data-id=\"5877024\" data-element_type=\"widget\" data-e-type=\"widget\" data-widget_type=\"text-editor.default\">\n\t\t\t\t\t\t\t\t\t<h4>R\u00e9sum\u00e9<\/h4>\n<p>Le Code de conduite et la politique anti-harc\u00e8lement de CANHAV Alliance (collectivement le \u00ab\u00a0Code\u00a0\u00bb) d\u00e9finissent les normes de comportement les plus \u00e9lev\u00e9es attendues de l&rsquo;ensemble du personnel, des associ\u00e9s et des repr\u00e9sentants de CANHAV Alliance.<br \/>\nTous les membres du personnel, les associ\u00e9s et les repr\u00e9sentants sont tenus de respecter les politiques de CANHAV Alliance et d&rsquo;adopter un comportement \u00e9thique, anti-discriminatoire et respectueux, en veillant \u00e0 ce que toutes les interactions soient men\u00e9es avec \u00e9quit\u00e9 et dignit\u00e9 et soient exemptes de conflits d&rsquo;int\u00e9r\u00eats r\u00e9els ou per\u00e7us.<br \/>\nCANHAV Alliance applique une politique de tol\u00e9rance z\u00e9ro \u00e0 l\u2019\u00e9gard de tout abus, intimidation, harc\u00e8lement, harc\u00e8lement sexuel, exploitation sexuelle, discrimination, ou tout autre comportement inappropri\u00e9.<\/p>\n<h4>Application<\/h4>\n<p>Le pr\u00e9sent code s&rsquo;applique \u00e0 tous les repr\u00e9sentants.<br \/>\nAux fins du Code, les repr\u00e9sentants comprennent sans exception :<\/p>\n<ul>\n<li>Tous les employ\u00e9s (contractuels et permanents)<\/li>\n<li>Conseillers<\/li>\n<li>Associ\u00e9s<\/li>\n<li>Volontaires<\/li>\n<li>Consultants et autres prestataires de services<\/li>\n<li>tout autre tiers agissant en tant que repr\u00e9sentant de CANHAV Alliance<\/li>\n<\/ul>\n<p>Tous les repr\u00e9sentants sont tenus de se conformer au Code et \u00e0 ses principes, en effectuant leur travail, leurs services, leurs contributions b\u00e9n\u00e9voles ou leurs activit\u00e9s de projet de mani\u00e8re honn\u00eate et en accord avec les valeurs et les politiques de CANHAV Alliance.<br \/>\nCANHAV Alliance prend au s\u00e9rieux toute forme d&rsquo;abus, d&rsquo;intimidation, de harc\u00e8lement sexuel, d&rsquo;exploitation sexuelle, de discrimination ou de tout autre comportement inappropri\u00e9 ou discriminatoire et a mis en place des proc\u00e9dures pour prendre des mesures en cas de probl\u00e8me.<\/p>\n<h4>D\u00e9finitions<\/h4>\n<p>Aux fins du code de conduite, les d\u00e9finitions suivantes s&rsquo;appliquent :<\/p>\n<p><strong>Abus sexuel :<\/strong><br \/>\nToute agression sexuelle ou menace d&rsquo;agression sexuelle commise par la force, la coercition ou dans le cadre d&rsquo;une relation in\u00e9gale.<br \/>\nToute activit\u00e9 sexuelle avec un enfant est consid\u00e9r\u00e9e comme un abus sexuel.<\/p>\n<p><strong>Exploitation sexuelle :<\/strong><br \/>\nTout abus r\u00e9el ou tentative d&rsquo;abus d&rsquo;une position de vuln\u00e9rabilit\u00e9, de pouvoir diff\u00e9rentiel ou de confiance \u00e0 des fins sexuelles, y compris, mais sans s&rsquo;y limiter, pour en tirer un profit mon\u00e9taire, social ou politique.<\/p>\n<p><strong>Protection contre l&rsquo;exploitation et les abus sexuels (PSEA) :<\/strong><br \/>\nTerme utilis\u00e9 par les Nations Unies et la communaut\u00e9 des organisations non gouvernementales pour d\u00e9signer les mesures prises pour prot\u00e9ger les personnes vuln\u00e9rables contre l&rsquo;exploitation et les abus sexuels de la part de leurs propres employ\u00e9s et du personnel associ\u00e9.<\/p>\n<h4>Comportement \u00e9thique<\/h4>\n<p>Les repr\u00e9sentants de CANHAV Alliance agissent au nom de l&rsquo;organisation \u00e0 divers titres.<br \/>\nCes interactions doivent donc r\u00e9pondre aux normes les plus \u00e9lev\u00e9es en mati\u00e8re de comportement \u00e9thique et professionnel, afin de pr\u00e9server la r\u00e9putation d&rsquo;Alliance CANHAV.<br \/>\nLes accords et relations conclus, que ce soit avec ou au nom de CANHAV Alliance, doivent \u00eatre exempts de parti pris, de conflit d&rsquo;int\u00e9r\u00eats ou d&rsquo;influence indue.<br \/>\nToutes les situations ou circonstances ne peuvent \u00eatre trait\u00e9es sp\u00e9cifiquement dans le Code.<br \/>\nLes principes et les valeurs \u00e9nonc\u00e9s dans le Code doivent \u00eatre appliqu\u00e9s par les repr\u00e9sentants de CANHAV Alliance dans l&rsquo;exercice de leur jugement et de leur conduite lorsqu&rsquo;ils sont confront\u00e9s \u00e0 des questions, des pr\u00e9occupations ou des probl\u00e8mes, qu&rsquo;ils soient ou non express\u00e9ment couverts par le Code.<\/p>\n<h3>Signaler une infraction ou une pr\u00e9occupation de quelque nature que ce soit<\/h3>\n<p>En tant que repr\u00e9sentant de CANHAV Alliance ou en tant que personne interagissant avec CANHAV Alliance ou ses repr\u00e9sentants, si vous \u00eates t\u00e9moin ou avez connaissance d&rsquo;actions ou de comportements qui ne sont pas conformes au Code ou si vous avez des doutes sur une ligne de conduite, vous devez demander conseil et orientation \u00e0 Michael Pullen.<br \/>\nPour toute d\u00e9nonciation confidentielle, veuillez contacter Michael Pullen.<br \/>\nLes personnes qui font des rapports de bonne foi seront prot\u00e9g\u00e9es contre les repr\u00e9sailles.<br \/>\nLes plaintes d\u00e9pos\u00e9es de mauvaise foi ne seront pas tol\u00e9r\u00e9es.<\/p>\n<h3>Proc\u00e9dures et processus de responsabilisation<\/h3>\n<p>La direction peut prendre des mesures pour rem\u00e9dier \u00e0 un comportement inappropri\u00e9, m\u00eame en l&rsquo;absence d&rsquo;une plainte formelle.<br \/>\nToute d\u00e9cision finale sera prise par la direction.<br \/>\nLa direction de CANHAV Alliance est responsable du contr\u00f4le de la conformit\u00e9 des op\u00e9rations avec le pr\u00e9sent Code.<br \/>\nTous les associ\u00e9s doivent signer une attestation indiquant qu&rsquo;ils respecteront toutes les politiques, y compris le pr\u00e9sent code de conduite, ou qu&rsquo;ils adopteront leurs propres politiques et proc\u00e9dures dans le respect des principes \u00e9nonc\u00e9s dans le code.<\/p>\n<p>Toute infraction au Code est grave et peut entra\u00eener des mesures de la part de CANHAV Alliance, pouvant aller jusqu&rsquo;\u00e0 la cessation imm\u00e9diate de l&#8217;emploi, des contrats de consultation et de l&rsquo;affiliation \u00e0 CANHAV Alliance.<\/p>\n<h2><span style=\"font-weight: 400;\">Politique d&rsquo;inclusion, de diversit\u00e9, d&rsquo;\u00e9quit\u00e9 et d&rsquo;accessibilit\u00e9<\/span><\/h2>\n<p>CANHAV Alliance est une soci\u00e9t\u00e9 de conseil sp\u00e9cialis\u00e9e dans le d\u00e9veloppement des industries des dirigeables et des a\u00e9rostats.<br \/>\nLe d\u00e9veloppement de nouvelles industries a non seulement une histoire d\u2019exclusion et d\u2019in\u00e9galit\u00e9, mais aussi une longue histoire de perp\u00e9tuation de l\u2019in\u00e9galit\u00e9, de la discrimination et de pr\u00e9judices.<br \/>\nL&rsquo;inclusion, la diversit\u00e9, l&rsquo;\u00e9quit\u00e9 et l&rsquo;accessibilit\u00e9 sont de la plus haute importance pour CANHAV Alliance.<\/p>\n<p>Nous pensons que nous devons agir contre la discrimination dans nos domaines d&rsquo;influence individuels et favoriser l&rsquo;inclusion, la diversit\u00e9, l&rsquo;\u00e9quit\u00e9 et l&rsquo;accessibilit\u00e9.<br \/>\nCela nous permettra de mieux atteindre les objectifs ultimes de sauver des vies, de r\u00e9duire la souffrance et de restaurer la dignit\u00e9.<br \/>\nNous sommes guid\u00e9s par la l\u00e9gislation nationale pertinente et par la D\u00e9claration universelle des droits de l&rsquo;homme des Nations unies.<br \/>\nToute personne associ\u00e9e \u00e0 CANHAV Alliance dont le comportement n&rsquo;est pas conforme \u00e0 ces politiques fera l&rsquo;objet d&rsquo;une action corrective, telle qu&rsquo;une formation ou une action disciplinaire, pouvant aller jusqu&rsquo;au renvoi du r\u00f4le, des fonctions ou de l&#8217;emploi, ou \u00e0 une suspension avec ou sans salaire.<\/p>\n<p>Ces politiques contribuent \u00e0 faire de CANHAV Alliance un espace inclusif et s\u00fbr pour tous ceux qui s&rsquo;y engagent.<br \/>\nCette politique d&rsquo;inclusion, de diversit\u00e9, d&rsquo;\u00e9quit\u00e9 et d&rsquo;accessibilit\u00e9 (IDEA) \u00e9tablit que nous sommes une organisation qui s&rsquo;engage activement et en permanence \u00e0 favoriser l&rsquo;inclusion, la diversit\u00e9, l&rsquo;\u00e9quit\u00e9 et l&rsquo;accessibilit\u00e9.<\/p>\n<h3>PRINCIPES G\u00c9N\u00c9RAUX<\/h3>\n<p>Nous pensons que l&rsquo;inclusion, la diversit\u00e9, l&rsquo;\u00e9quit\u00e9 et l&rsquo;accessibilit\u00e9 sont les moteurs de bonnes pratiques commerciales.<\/p>\n<h4>D\u00e9finitions<\/h4>\n<p><strong>Inclusion :<\/strong><br \/>\nPratique consistant \u00e0 donner acc\u00e8s \u00e0 des opportunit\u00e9s et \u00e0 des ressources \u00e0 des personnes qui pourraient autrement \u00eatre exclues.<\/p>\n<p><strong>Diversit\u00e9 :<\/strong><br \/>\nLa pratique consistant \u00e0 inclure ou \u00e0 faire participer des personnes d&rsquo;origines, de sexes, d&rsquo;ethnies, de situations socio-\u00e9conomiques, d&rsquo;orientations, d&rsquo;\u00e2ges, de capacit\u00e9s diff\u00e9rentes, et de tout ce qui fait la sp\u00e9cificit\u00e9 d&rsquo;une personne.<\/p>\n<p><strong>\u00c9quit\u00e9 :<\/strong><br \/>\nLa qualit\u00e9 d&rsquo;\u00eatre juste et impartial ; l&rsquo;\u00e9quit\u00e9 n&rsquo;est pas toujours synonyme d&rsquo;\u00e9galit\u00e9 et signifie souvent qu&rsquo;il faut donner plus \u00e0 certains pour r\u00e9parer des in\u00e9galit\u00e9s historiques ou persistantes.<\/p>\n<p><strong>Accessibilit\u00e9 :<\/strong><br \/>\nLa conception de produits, d&rsquo;appareils, de services ou d&rsquo;environnements pour les personnes souffrant de handicaps ou de d\u00e9savantages.<\/p>\n<p>Nous nous engageons \u00e0 traiter toutes les personnes avec dignit\u00e9 et \u00e0 offrir un environnement qui valorise nos diff\u00e9rences, y compris, mais sans s&rsquo;y limiter, l&rsquo;\u00e2ge, l&rsquo;ascendance, le handicap, l&rsquo;expression de genre, l&rsquo;identit\u00e9 de genre, la race, la religion, le statut \u00e9conomique et social, le type de corps et l&rsquo;orientation sexuelle.<br \/>\nNous nous engageons \u00e0 avoir une culture de travail inclusive.<\/p>\n<p>Nous nous engageons \u00e0 reconna\u00eetre les droits, le respect, la confiance, la coop\u00e9ration et le partenariat avec les Premi\u00e8res nations, les Inuits et les M\u00e9tis, comme le soulignent les appels \u00e0 l&rsquo;action de la Commission V\u00e9rit\u00e9 et R\u00e9conciliation et la D\u00e9claration des Nations unies sur les droits des peuples autochtones.<\/p>\n<p>Nous reconnaissons qu&rsquo;il existe un pouvoir et des privil\u00e8ges syst\u00e9miques attribu\u00e9s aux groupes dominants dans nos soci\u00e9t\u00e9s, qui ont fa\u00e7onn\u00e9 l&rsquo;\u00e9laboration des politiques, l&rsquo;investissement en capital et l&rsquo;engagement communautaire envers les peuples indig\u00e8nes.<br \/>\nNous comprenons \u00e9galement que le sentiment de sup\u00e9riorit\u00e9, conscient ou non, qui en r\u00e9sulte pour les groupes dominants sert de fondement \u00e0 des comportements oppressifs, tels que le capacitisme, l&rsquo;\u00e2gisme, le classisme, l&rsquo;h\u00e9t\u00e9rosexisme, l&rsquo;homophobie, le racisme, le sexisme, la transphobie et la x\u00e9nophobie.<br \/>\nNous nous effor\u00e7ons de lutter activement contre ces comportements oppressifs que nous pouvons rencontrer, de remettre en question et, si possible, de chercher \u00e0 modifier les syst\u00e8mes qui perp\u00e9tuent ces comportements dans nos domaines d&rsquo;influence.<\/p>\n<p>Chaque personne associ\u00e9e \u00e0 notre lieu de travail est personnellement responsable de sa propre responsabilit\u00e9 et de celle des autres.<\/p>\n<p>Veuillez \u00e9galement prendre connaissance de notre <a href=\"https:\/\/canhav.ca\/fr\/politique-en-matiere-de-cookies\/\">politique en mati\u00e8re de cookies<\/a> et de notre <a href=\"https:\/\/canhav.ca\/fr\/politique-de-confidentialite\/\">politique de confidentialit\u00e9<\/a>.<\/p>\n\t\t\t\t\t\t\t\t<\/div>\n\t\t\t\t\t<\/div>\n\t\t\t\t<\/div>\n\t\t\t\t<\/div>\n\t\t","protected":false},"excerpt":{"rendered":"<p>Politique \u00e9thique de CANHAV Alliance Introduction Notre entreprise s&rsquo;engage \u00e0 promouvoir les dirigeables et les a\u00e9rostats d&rsquo;une mani\u00e8re \u00e9thique, durable et b\u00e9n\u00e9fique pour la communaut\u00e9. Nous veillons \u00e0 ce que nos activit\u00e9s et nos partenariats soient conformes \u00e0 nos valeurs fondamentales de gestion de l&rsquo;environnement, de bien-\u00eatre de la communaut\u00e9, de s\u00e9curit\u00e9 et de conduite [&hellip;]<\/p>\n","protected":false},"author":1,"featured_media":0,"parent":0,"menu_order":0,"comment_status":"closed","ping_status":"closed","template":"","meta":{"footnotes":""},"class_list":["post-442","page","type-page","status-publish","hentry"],"_links":{"self":[{"href":"https:\/\/canhav.ca\/fr\/wp-json\/wp\/v2\/pages\/442","targetHints":{"allow":["GET"]}}],"collection":[{"href":"https:\/\/canhav.ca\/fr\/wp-json\/wp\/v2\/pages"}],"about":[{"href":"https:\/\/canhav.ca\/fr\/wp-json\/wp\/v2\/types\/page"}],"author":[{"embeddable":true,"href":"https:\/\/canhav.ca\/fr\/wp-json\/wp\/v2\/users\/1"}],"replies":[{"embeddable":true,"href":"https:\/\/canhav.ca\/fr\/wp-json\/wp\/v2\/comments?post=442"}],"version-history":[{"count":0,"href":"https:\/\/canhav.ca\/fr\/wp-json\/wp\/v2\/pages\/442\/revisions"}],"wp:attachment":[{"href":"https:\/\/canhav.ca\/fr\/wp-json\/wp\/v2\/media?parent=442"}],"curies":[{"name":"wp","href":"https:\/\/api.w.org\/{rel}","templated":true}]}}