{"id":438,"date":"2024-07-05T11:35:32","date_gmt":"2024-07-05T15:35:32","guid":{"rendered":"https:\/\/canhav.ca\/perspectives\/"},"modified":"2024-08-09T10:08:54","modified_gmt":"2024-08-09T14:08:54","slug":"perspectives","status":"publish","type":"page","link":"https:\/\/canhav.ca\/fr\/perspectives\/","title":{"rendered":"Perspectives"},"content":{"rendered":"\t\t<div data-elementor-type=\"wp-page\" data-elementor-id=\"438\" class=\"elementor elementor-438 elementor-48\" data-elementor-post-type=\"page\">\n\t\t\t\t<div class=\"elementor-element elementor-element-64aabae e-flex e-con-boxed e-con e-parent\" data-id=\"64aabae\" data-element_type=\"container\" data-e-type=\"container\">\n\t\t\t\t\t<div class=\"e-con-inner\">\n\t\t\t\t<div class=\"elementor-element elementor-element-981fba6 elementor-widget elementor-widget-heading\" data-id=\"981fba6\" data-element_type=\"widget\" data-e-type=\"widget\" data-widget_type=\"heading.default\">\n\t\t\t\t\t<h2 class=\"elementor-heading-title elementor-size-default\">Nouvelles de l'Alliance CANHAV<\/h2>\t\t\t\t<\/div>\n\t\t\t\t<div class=\"elementor-element elementor-element-12739e7 elementor-widget elementor-widget-text-editor\" data-id=\"12739e7\" data-element_type=\"widget\" data-e-type=\"widget\" data-widget_type=\"text-editor.default\">\n\t\t\t\t\t\t\t\t\t<p>Nous \u00e9levons le niveau de la conversation concernant l&rsquo;industrie des dirigeables et des a\u00e9rostats lors de ces \u00e9v\u00e9nements.<\/p>\n\t\t\t\t\t\t\t\t<\/div>\n\t\t<div class=\"elementor-element elementor-element-446d0e5 e-grid e-con-full e-con e-child\" data-id=\"446d0e5\" data-element_type=\"container\" data-e-type=\"container\">\n\t\t\t\t<div class=\"elementor-element elementor-element-0482a37 elementor-position-top elementor-widget elementor-widget-image-box\" data-id=\"0482a37\" data-element_type=\"widget\" data-e-type=\"widget\" data-widget_type=\"image-box.default\">\n\t\t\t\t\t<div class=\"elementor-image-box-wrapper\"><figure class=\"elementor-image-box-img\"><a href=\"https:\/\/www.cgai.ca\/building_norads_northern_infrastructure\" target=\"_blank\" rel=\"nofollow noopener\" tabindex=\"-1\"><img fetchpriority=\"high\" decoding=\"async\" width=\"492\" height=\"114\" src=\"https:\/\/canhav.ca\/wp-content\/uploads\/2024\/07\/Top_Logo.jpeg\" class=\"attachment-full size-full wp-image-391\" alt=\"Canadian Global Affairs Institute\" srcset=\"https:\/\/canhav.ca\/wp-content\/uploads\/2024\/07\/Top_Logo.jpeg 492w, https:\/\/canhav.ca\/wp-content\/uploads\/2024\/07\/Top_Logo-300x70.jpeg 300w\" sizes=\"(max-width: 492px) 100vw, 492px\" \/><\/a><\/figure><div class=\"elementor-image-box-content\"><h3 class=\"elementor-image-box-title\"><a href=\"https:\/\/www.cgai.ca\/building_norads_northern_infrastructure\" target=\"_blank\" rel=\"nofollow noopener\">Mise en place de l'infrastructure nordique du NORAD<\/a><\/h3><p class=\"elementor-image-box-description\">Canadian Global Affairs Institute<br>13 juin 2024 | Ottawa, Ontario<\/p><\/div><\/div>\t\t\t\t<\/div>\n\t\t\t\t<div class=\"elementor-element elementor-element-3dd69e6 elementor-position-top elementor-widget elementor-widget-image-box\" data-id=\"3dd69e6\" data-element_type=\"widget\" data-e-type=\"widget\" data-widget_type=\"image-box.default\">\n\t\t\t\t\t<div class=\"elementor-image-box-wrapper\"><figure class=\"elementor-image-box-img\"><a href=\"https:\/\/www.arcticfocus.org\/about\/\" target=\"_blank\" rel=\"nofollow noopener\" tabindex=\"-1\"><img decoding=\"async\" width=\"1955\" height=\"545\" src=\"https:\/\/canhav.ca\/wp-content\/uploads\/2024\/07\/AF_Full-logo-RBG.78fdcb638189.svg\" class=\"attachment-full size-full wp-image-393\" alt=\"Arctic Research Foundation logo\" \/><\/a><\/figure><div class=\"elementor-image-box-content\"><h3 class=\"elementor-image-box-title\"><a href=\"https:\/\/www.arcticfocus.org\/about\/\" target=\"_blank\" rel=\"nofollow noopener\">Pillars of Arctic Resilience<\/a><\/h3><p class=\"elementor-image-box-description\">Arctic Research Foundation <br>1er mai 2024 | Ottawa, Ontario<\/p><\/div><\/div>\t\t\t\t<\/div>\n\t\t\t\t<div class=\"elementor-element elementor-element-227e54b elementor-position-top elementor-widget elementor-widget-image-box\" data-id=\"227e54b\" data-element_type=\"widget\" data-e-type=\"widget\" data-widget_type=\"image-box.default\">\n\t\t\t\t\t<div class=\"elementor-image-box-wrapper\"><figure class=\"elementor-image-box-img\"><a href=\"https:\/\/canada2020.ca\/events\/2024-economic-reconciliation-summit\/\" target=\"_blank\" rel=\"nofollow noopener\" tabindex=\"-1\"><img decoding=\"async\" width=\"778\" height=\"151\" src=\"https:\/\/canhav.ca\/wp-content\/uploads\/2024\/07\/logo.png\" class=\"attachment-full size-full wp-image-395\" alt=\"Canada2020 logo\" srcset=\"https:\/\/canhav.ca\/wp-content\/uploads\/2024\/07\/logo.png 778w, https:\/\/canhav.ca\/wp-content\/uploads\/2024\/07\/logo-300x58.png 300w, https:\/\/canhav.ca\/wp-content\/uploads\/2024\/07\/logo-768x149.png 768w\" sizes=\"(max-width: 778px) 100vw, 778px\" \/><\/a><\/figure><div class=\"elementor-image-box-content\"><h3 class=\"elementor-image-box-title\"><a href=\"https:\/\/canada2020.ca\/events\/2024-economic-reconciliation-summit\/\" target=\"_blank\" rel=\"nofollow noopener\">L'\u00e9conomie dirig\u00e9e par les autochtones : le sommet de r\u00e9conciliation \u00e9conomique de 2024<\/a><\/h3><p class=\"elementor-image-box-description\">Canada 2020 <br>30 mai 2024 | Ottawa, Ontario<\/p><\/div><\/div>\t\t\t\t<\/div>\n\t\t\t\t<div class=\"elementor-element elementor-element-a19713e elementor-position-top elementor-widget elementor-widget-image-box\" data-id=\"a19713e\" data-element_type=\"widget\" data-e-type=\"widget\" data-widget_type=\"image-box.default\">\n\t\t\t\t\t<div class=\"elementor-image-box-wrapper\"><figure class=\"elementor-image-box-img\"><a href=\"https:\/\/fnmpc.ca\/conference\/\" target=\"_blank\" rel=\"nofollow noopener\" tabindex=\"-1\"><img loading=\"lazy\" decoding=\"async\" width=\"550\" height=\"350\" src=\"https:\/\/canhav.ca\/wp-content\/uploads\/2024\/07\/Our-Collection-Advantage-Indigenous-Consent.png\" class=\"attachment-full size-full wp-image-399\" alt=\"Our Collection Advantage: Indigenous Consent\" srcset=\"https:\/\/canhav.ca\/wp-content\/uploads\/2024\/07\/Our-Collection-Advantage-Indigenous-Consent.png 550w, https:\/\/canhav.ca\/wp-content\/uploads\/2024\/07\/Our-Collection-Advantage-Indigenous-Consent-300x191.png 300w\" sizes=\"(max-width: 550px) 100vw, 550px\" \/><\/a><\/figure><div class=\"elementor-image-box-content\"><h3 class=\"elementor-image-box-title\"><a href=\"https:\/\/fnmpc.ca\/conference\/\" target=\"_blank\" rel=\"nofollow noopener\">Our Collection Advantage: Indigenous Consent<\/a><\/h3><p class=\"elementor-image-box-description\">First Nations Major Projects Coalition<br>22-23 avril 2024 | Toronto, Ontario<\/p><\/div><\/div>\t\t\t\t<\/div>\n\t\t\t\t<div class=\"elementor-element elementor-element-fffece8 elementor-position-top elementor-widget elementor-widget-image-box\" data-id=\"fffece8\" data-element_type=\"widget\" data-e-type=\"widget\" data-widget_type=\"image-box.default\">\n\t\t\t\t\t<div class=\"elementor-image-box-wrapper\"><figure class=\"elementor-image-box-img\"><a href=\"https:\/\/www.cgai.ca\/annual_procurement_conference_2023\" target=\"_blank\" rel=\"nofollow noopener\" tabindex=\"-1\"><img fetchpriority=\"high\" decoding=\"async\" width=\"492\" height=\"114\" src=\"https:\/\/canhav.ca\/wp-content\/uploads\/2024\/07\/Top_Logo.jpeg\" class=\"attachment-full size-full wp-image-391\" alt=\"Canadian Global Affairs Institute\" srcset=\"https:\/\/canhav.ca\/wp-content\/uploads\/2024\/07\/Top_Logo.jpeg 492w, https:\/\/canhav.ca\/wp-content\/uploads\/2024\/07\/Top_Logo-300x70.jpeg 300w\" sizes=\"(max-width: 492px) 100vw, 492px\" \/><\/a><\/figure><div class=\"elementor-image-box-content\"><h3 class=\"elementor-image-box-title\"><a href=\"https:\/\/www.cgai.ca\/annual_procurement_conference_2023\" target=\"_blank\" rel=\"nofollow noopener\">Optimizing Procurement for Great Power Competition<\/a><\/h3><p class=\"elementor-image-box-description\">Canadian Global Affairs Institute <br>29 novembre 2023 | Ottawa, Ontario<\/p><\/div><\/div>\t\t\t\t<\/div>\n\t\t\t\t<div class=\"elementor-element elementor-element-4b159fc elementor-position-top elementor-widget elementor-widget-image-box\" data-id=\"4b159fc\" data-element_type=\"widget\" data-e-type=\"widget\" data-widget_type=\"image-box.default\">\n\t\t\t\t\t<div class=\"elementor-image-box-wrapper\"><figure class=\"elementor-image-box-img\"><a href=\"https:\/\/www.cgai.ca\/annual_procurement_conference_2023\" target=\"_blank\" rel=\"nofollow noopener\" tabindex=\"-1\"><img decoding=\"async\" width=\"778\" height=\"151\" src=\"https:\/\/canhav.ca\/wp-content\/uploads\/2024\/07\/logo.png\" class=\"attachment-full size-full wp-image-395\" alt=\"Canada2020 logo\" srcset=\"https:\/\/canhav.ca\/wp-content\/uploads\/2024\/07\/logo.png 778w, https:\/\/canhav.ca\/wp-content\/uploads\/2024\/07\/logo-300x58.png 300w, https:\/\/canhav.ca\/wp-content\/uploads\/2024\/07\/logo-768x149.png 768w\" sizes=\"(max-width: 778px) 100vw, 778px\" \/><\/a><\/figure><div class=\"elementor-image-box-content\"><h3 class=\"elementor-image-box-title\"><a href=\"https:\/\/www.cgai.ca\/annual_procurement_conference_2023\" target=\"_blank\" rel=\"nofollow noopener\">Automne 2023 Net-Zero Leadership Summit<\/a><\/h3><p class=\"elementor-image-box-description\">Canada 2020 <br>31 octobre 2023 | Ottawa, Ontario<\/p><\/div><\/div>\t\t\t\t<\/div>\n\t\t\t\t<div class=\"elementor-element elementor-element-647b840 elementor-position-top elementor-widget elementor-widget-image-box\" data-id=\"647b840\" data-element_type=\"widget\" data-e-type=\"widget\" data-widget_type=\"image-box.default\">\n\t\t\t\t\t<div class=\"elementor-image-box-wrapper\"><figure class=\"elementor-image-box-img\"><a href=\"https:\/\/www.encn.de\/veranstaltung\/international-conference-on-electric-airships-decarbonizing-aviation\" target=\"_blank\" rel=\"nofollow noopener\" tabindex=\"-1\"><img loading=\"lazy\" decoding=\"async\" width=\"600\" height=\"272\" src=\"https:\/\/canhav.ca\/wp-content\/uploads\/2024\/07\/Energie_Campus_Nurnberg_logo.svg.png\" class=\"attachment-full size-full wp-image-401\" alt=\"Energie Campus N\u00fcrnberg\" srcset=\"https:\/\/canhav.ca\/wp-content\/uploads\/2024\/07\/Energie_Campus_Nurnberg_logo.svg.png 600w, https:\/\/canhav.ca\/wp-content\/uploads\/2024\/07\/Energie_Campus_Nurnberg_logo.svg-300x136.png 300w\" sizes=\"(max-width: 600px) 100vw, 600px\" \/><\/a><\/figure><div class=\"elementor-image-box-content\"><h3 class=\"elementor-image-box-title\"><a href=\"https:\/\/www.encn.de\/veranstaltung\/international-conference-on-electric-airships-decarbonizing-aviation\" target=\"_blank\" rel=\"nofollow noopener\">International Conference on Electric Airships - Decarbonizing Aviation<\/a><\/h3><p class=\"elementor-image-box-description\">Energie Campus N\u00fcrnberg<br>28-29 septembre 2024 | Nuremberg, Germany<\/p><\/div><\/div>\t\t\t\t<\/div>\n\t\t\t\t<div class=\"elementor-element elementor-element-fface93 elementor-position-top elementor-widget elementor-widget-image-box\" data-id=\"fface93\" data-element_type=\"widget\" data-e-type=\"widget\" data-widget_type=\"image-box.default\">\n\t\t\t\t\t<div class=\"elementor-image-box-wrapper\"><figure class=\"elementor-image-box-img\"><a href=\"https:\/\/umanitoba.ca\/asper\/research\/transport-institute\/airships-arctic-conferences\" target=\"_blank\" rel=\"nofollow noopener\" tabindex=\"-1\"><img loading=\"lazy\" decoding=\"async\" width=\"1920\" height=\"823\" src=\"https:\/\/canhav.ca\/wp-content\/uploads\/2024\/07\/A2A23_Hero-FNL.jpg\" class=\"attachment-full size-full wp-image-403\" alt=\"Airships to the Arctic\" srcset=\"https:\/\/canhav.ca\/wp-content\/uploads\/2024\/07\/A2A23_Hero-FNL.jpg 1920w, https:\/\/canhav.ca\/wp-content\/uploads\/2024\/07\/A2A23_Hero-FNL-300x129.jpg 300w, https:\/\/canhav.ca\/wp-content\/uploads\/2024\/07\/A2A23_Hero-FNL-1024x439.jpg 1024w, https:\/\/canhav.ca\/wp-content\/uploads\/2024\/07\/A2A23_Hero-FNL-768x329.jpg 768w, https:\/\/canhav.ca\/wp-content\/uploads\/2024\/07\/A2A23_Hero-FNL-1536x658.jpg 1536w\" sizes=\"(max-width: 1920px) 100vw, 1920px\" \/><\/a><\/figure><div class=\"elementor-image-box-content\"><h3 class=\"elementor-image-box-title\"><a href=\"https:\/\/umanitoba.ca\/asper\/research\/transport-institute\/airships-arctic-conferences\" target=\"_blank\" rel=\"nofollow noopener\">Airships to the Arctic Symposium<\/a><\/h3><p class=\"elementor-image-box-description\">University of Manitoba<br>30-31 mai 2023 | Winnipeg, Manitoba<\/p><\/div><\/div>\t\t\t\t<\/div>\n\t\t\t\t<div class=\"elementor-element elementor-element-0eaca01 elementor-position-top elementor-widget elementor-widget-image-box\" data-id=\"0eaca01\" data-element_type=\"widget\" data-e-type=\"widget\" data-widget_type=\"image-box.default\">\n\t\t\t\t\t<div class=\"elementor-image-box-wrapper\"><figure class=\"elementor-image-box-img\"><a href=\"https:\/\/isopolar.com\/climate-change-and-northern-transport-free-public-webinar\/\" target=\"_blank\" rel=\"nofollow noopener\" tabindex=\"-1\"><img loading=\"lazy\" decoding=\"async\" width=\"960\" height=\"540\" src=\"https:\/\/canhav.ca\/wp-content\/uploads\/2024\/07\/Airship-Webinars-2022.jpg\" class=\"attachment-full size-full wp-image-405\" alt=\"Airships to the Arctic 2022\" srcset=\"https:\/\/canhav.ca\/wp-content\/uploads\/2024\/07\/Airship-Webinars-2022.jpg 960w, https:\/\/canhav.ca\/wp-content\/uploads\/2024\/07\/Airship-Webinars-2022-300x169.jpg 300w, https:\/\/canhav.ca\/wp-content\/uploads\/2024\/07\/Airship-Webinars-2022-768x432.jpg 768w\" sizes=\"(max-width: 960px) 100vw, 960px\" \/><\/a><\/figure><div class=\"elementor-image-box-content\"><h3 class=\"elementor-image-box-title\"><a href=\"https:\/\/isopolar.com\/climate-change-and-northern-transport-free-public-webinar\/\" target=\"_blank\" rel=\"nofollow noopener\">Airships to the Arctic 2022: Climate Change and Northern Transport<\/a><\/h3><p class=\"elementor-image-box-description\">ISOPolar<br>26-27 mai 2022<\/p><\/div><\/div>\t\t\t\t<\/div>\n\t\t\t\t<\/div>\n\t\t\t\t<div class=\"elementor-element elementor-element-f86de1d elementor-widget elementor-widget-heading\" data-id=\"f86de1d\" data-element_type=\"widget\" data-e-type=\"widget\" data-widget_type=\"heading.default\">\n\t\t\t\t\t<h2 class=\"elementor-heading-title elementor-size-default\">Nouvelles de l'Alliance<\/h2>\t\t\t\t<\/div>\n\t\t\t\t<div class=\"elementor-element elementor-element-ccb0ba0 elementor-widget elementor-widget-text-editor\" data-id=\"ccb0ba0\" data-element_type=\"widget\" data-e-type=\"widget\" data-widget_type=\"text-editor.default\">\n\t\t\t\t\t\t\t\t\t<p>Nous sommes en train de construire l&rsquo;Alliance et nous sommes impatients de partager ses nouvelles.<\/p>\n\t\t\t\t\t\t\t\t<\/div>\n\t\t\t\t<div class=\"elementor-element elementor-element-e459bf8 elementor-widget elementor-widget-heading\" data-id=\"e459bf8\" data-element_type=\"widget\" data-e-type=\"widget\" data-widget_type=\"heading.default\">\n\t\t\t\t\t<h2 class=\"elementor-heading-title elementor-size-default\">Les dirigeables et a\u00e9rostats dans les m\u00e9dias<\/h2>\t\t\t\t<\/div>\n\t\t\t\t\t<\/div>\n\t\t\t\t<\/div>\n\t\t<div class=\"elementor-element elementor-element-5cf5e47 e-flex e-con-boxed e-con e-parent\" data-id=\"5cf5e47\" data-element_type=\"container\" data-e-type=\"container\">\n\t\t\t\t\t<div class=\"e-con-inner\">\n\t\t<div class=\"elementor-element elementor-element-ed449a6 e-con-full e-flex e-con e-child\" data-id=\"ed449a6\" data-element_type=\"container\" data-e-type=\"container\">\n\t\t\t\t<div class=\"elementor-element elementor-element-c1ee994 elementor-widget elementor-widget-video\" data-id=\"c1ee994\" data-element_type=\"widget\" data-e-type=\"widget\" data-settings=\"{&quot;youtube_url&quot;:&quot;https:\\\/\\\/youtu.be\\\/h0hpcpnWAsQ?si=ZTU2YmfPrK-XPqJ7&quot;,&quot;yt_privacy&quot;:&quot;yes&quot;,&quot;lazy_load&quot;:&quot;yes&quot;,&quot;video_type&quot;:&quot;youtube&quot;,&quot;controls&quot;:&quot;yes&quot;}\" data-widget_type=\"video.default\">\n\t\t\t\t\t\t\t<div class=\"elementor-wrapper elementor-open-inline\">\n\t\t\t<div class=\"elementor-video\"><\/div>\t\t<\/div>\n\t\t\t\t\t\t<\/div>\n\t\t\t\t<div class=\"elementor-element elementor-element-252f73f elementor-widget elementor-widget-video\" data-id=\"252f73f\" data-element_type=\"widget\" data-e-type=\"widget\" data-settings=\"{&quot;youtube_url&quot;:&quot;https:\\\/\\\/www.youtube.com\\\/watch?v=BIcwd0uRn10&quot;,&quot;video_type&quot;:&quot;youtube&quot;,&quot;controls&quot;:&quot;yes&quot;}\" data-widget_type=\"video.default\">\n\t\t\t\t\t\t\t<div class=\"elementor-wrapper elementor-open-inline\">\n\t\t\t<div class=\"elementor-video\"><\/div>\t\t<\/div>\n\t\t\t\t\t\t<\/div>\n\t\t\t\t<\/div>\n\t\t<div class=\"elementor-element elementor-element-1c71dd5 e-con-full e-flex e-con e-child\" data-id=\"1c71dd5\" data-element_type=\"container\" data-e-type=\"container\">\n\t\t\t\t<div class=\"elementor-element elementor-element-67436cc elementor-widget elementor-widget-video\" data-id=\"67436cc\" data-element_type=\"widget\" data-e-type=\"widget\" data-settings=\"{&quot;youtube_url&quot;:&quot;https:\\\/\\\/youtu.be\\\/X2mdsyEAO_M?si=HVD19DXytvuzV3eP&quot;,&quot;yt_privacy&quot;:&quot;yes&quot;,&quot;lazy_load&quot;:&quot;yes&quot;,&quot;video_type&quot;:&quot;youtube&quot;,&quot;controls&quot;:&quot;yes&quot;}\" data-widget_type=\"video.default\">\n\t\t\t\t\t\t\t<div class=\"elementor-wrapper elementor-open-inline\">\n\t\t\t<div class=\"elementor-video\"><\/div>\t\t<\/div>\n\t\t\t\t\t\t<\/div>\n\t\t\t\t<\/div>\n\t\t\t\t\t<\/div>\n\t\t\t\t<\/div>\n\t\t\t\t<\/div>\n\t\t","protected":false},"excerpt":{"rendered":"<p>Nouvelles de l&rsquo;Alliance CANHAV Nous \u00e9levons le niveau de la conversation concernant l&rsquo;industrie des dirigeables et des a\u00e9rostats lors de ces \u00e9v\u00e9nements. Mise en place de l&rsquo;infrastructure nordique du NORAD Canadian Global Affairs Institute13 juin 2024 | Ottawa, Ontario Pillars of Arctic Resilience Arctic Research Foundation 1er mai 2024 | Ottawa, Ontario L&rsquo;\u00e9conomie dirig\u00e9e par [&hellip;]<\/p>\n","protected":false},"author":1,"featured_media":0,"parent":0,"menu_order":0,"comment_status":"closed","ping_status":"closed","template":"","meta":{"footnotes":""},"class_list":["post-438","page","type-page","status-publish","hentry"],"_links":{"self":[{"href":"https:\/\/canhav.ca\/fr\/wp-json\/wp\/v2\/pages\/438","targetHints":{"allow":["GET"]}}],"collection":[{"href":"https:\/\/canhav.ca\/fr\/wp-json\/wp\/v2\/pages"}],"about":[{"href":"https:\/\/canhav.ca\/fr\/wp-json\/wp\/v2\/types\/page"}],"author":[{"embeddable":true,"href":"https:\/\/canhav.ca\/fr\/wp-json\/wp\/v2\/users\/1"}],"replies":[{"embeddable":true,"href":"https:\/\/canhav.ca\/fr\/wp-json\/wp\/v2\/comments?post=438"}],"version-history":[{"count":0,"href":"https:\/\/canhav.ca\/fr\/wp-json\/wp\/v2\/pages\/438\/revisions"}],"wp:attachment":[{"href":"https:\/\/canhav.ca\/fr\/wp-json\/wp\/v2\/media?parent=438"}],"curies":[{"name":"wp","href":"https:\/\/api.w.org\/{rel}","templated":true}]}}