{"id":169,"date":"2024-07-05T15:10:39","date_gmt":"2024-07-05T19:10:39","guid":{"rendered":"https:\/\/canhav.ca\/alliance-canhav\/"},"modified":"2024-11-07T13:03:21","modified_gmt":"2024-11-07T18:03:21","slug":"alliance-canhav","status":"publish","type":"page","link":"https:\/\/canhav.ca\/fr\/","title":{"rendered":"Alliance CANHAV"},"content":{"rendered":"\t\t<div data-elementor-type=\"wp-page\" data-elementor-id=\"169\" class=\"elementor elementor-169 elementor-28\" data-elementor-post-type=\"page\">\n\t\t\t\t<div class=\"elementor-element elementor-element-cb64f35 e-con-full e-flex e-con e-parent\" data-id=\"cb64f35\" data-element_type=\"container\" data-e-type=\"container\" data-settings=\"{&quot;background_background&quot;:&quot;classic&quot;}\">\n\t\t<div class=\"elementor-element elementor-element-2b3b7ff e-con-full e-flex e-con e-child\" data-id=\"2b3b7ff\" data-element_type=\"container\" data-e-type=\"container\">\n\t\t<div class=\"elementor-element elementor-element-4e0f1d3 e-flex e-con-boxed elementor-invisible e-con e-child\" data-id=\"4e0f1d3\" data-element_type=\"container\" data-e-type=\"container\" data-settings=\"{&quot;background_background&quot;:&quot;classic&quot;,&quot;animation&quot;:&quot;fadeInLeft&quot;}\">\n\t\t\t\t\t<div class=\"e-con-inner\">\n\t\t\t\t<div class=\"elementor-element elementor-element-bcccf9b elementor-widget elementor-widget-heading\" data-id=\"bcccf9b\" data-element_type=\"widget\" data-e-type=\"widget\" data-widget_type=\"heading.default\">\n\t\t\t\t\t<h2 class=\"elementor-heading-title elementor-size-default\">Penser<br>Plus grand<\/h2>\t\t\t\t<\/div>\n\t\t\t\t\t<\/div>\n\t\t\t\t<\/div>\n\t\t<div class=\"elementor-element elementor-element-d4d5644 e-flex e-con-boxed elementor-invisible e-con e-child\" data-id=\"d4d5644\" data-element_type=\"container\" data-e-type=\"container\" data-settings=\"{&quot;background_background&quot;:&quot;classic&quot;,&quot;animation&quot;:&quot;fadeInRight&quot;}\">\n\t\t\t\t\t<div class=\"e-con-inner\">\n\t\t\t\t<div class=\"elementor-element elementor-element-36b064b elementor-widget elementor-widget-heading\" data-id=\"36b064b\" data-element_type=\"widget\" data-e-type=\"widget\" data-widget_type=\"heading.default\">\n\t\t\t\t\t<h2 class=\"elementor-heading-title elementor-size-default\">\u00c9lever l'industrie des dirigeables<\/h2>\t\t\t\t<\/div>\n\t\t\t\t\t<\/div>\n\t\t\t\t<\/div>\n\t\t\t\t<\/div>\n\t\t\t\t<div class=\"elementor-element elementor-element-bc4878c elementor-invisible elementor-widget elementor-widget-button\" data-id=\"bc4878c\" data-element_type=\"widget\" data-e-type=\"widget\" data-settings=\"{&quot;_animation&quot;:&quot;fadeInUp&quot;,&quot;_animation_delay&quot;:1000}\" data-widget_type=\"button.default\">\n\t\t\t\t\t\t\t\t\t\t<a class=\"elementor-button elementor-button-link elementor-size-sm\" href=\"https:\/\/canhav.ca\/fr\/contacter-canhav-alliance\/\">\n\t\t\t\t\t\t<span class=\"elementor-button-content-wrapper\">\n\t\t\t\t\t\t\t\t\t<span class=\"elementor-button-text\">Connectons-nous<\/span>\n\t\t\t\t\t<\/span>\n\t\t\t\t\t<\/a>\n\t\t\t\t\t\t\t\t<\/div>\n\t\t\t\t<\/div>\n\t\t<div class=\"elementor-element elementor-element-647aa80 e-flex e-con-boxed e-con e-parent\" data-id=\"647aa80\" data-element_type=\"container\" data-e-type=\"container\">\n\t\t\t\t\t<div class=\"e-con-inner\">\n\t\t\t\t<div class=\"elementor-element elementor-element-2c63220 elementor-widget elementor-widget-text-editor\" data-id=\"2c63220\" data-element_type=\"widget\" data-e-type=\"widget\" data-widget_type=\"text-editor.default\">\n\t\t\t\t\t\t\t\t\t<p>Alors que le Canada et le monde \u00e9voluent, nous sommes confront\u00e9s \u00e0 une convergence de crises et de d\u00e9fis sans pr\u00e9c\u00e9dent. Le changement climatique bouleverse notre vision des transports de demain et nous demande d\u2019adopter rapidement des technologies plus \u00e9cologiques. La fonte du perg\u00e9lisol fragilise les routes de glace et complique la circulation des marchandises et du personnel, mena\u00e7ant la s\u00e9curit\u00e9 et la logistique des r\u00e9gions nordiques, \u00e9loign\u00e9es et rurales.<\/p>\n\t\t\t\t\t\t\t\t<\/div>\n\t\t\t\t\t<\/div>\n\t\t\t\t<\/div>\n\t\t<div class=\"elementor-element elementor-element-a2198c9 e-flex e-con-boxed e-con e-parent\" data-id=\"a2198c9\" data-element_type=\"container\" data-e-type=\"container\">\n\t\t\t\t\t<div class=\"e-con-inner\">\n\t\t<div class=\"elementor-element elementor-element-beaabea e-con-full e-flex e-con e-child\" data-id=\"beaabea\" data-element_type=\"container\" data-e-type=\"container\">\n\t\t\t\t<div class=\"elementor-element elementor-element-dbee9cd elementor-widget elementor-widget-text-editor\" data-id=\"dbee9cd\" data-element_type=\"widget\" data-e-type=\"widget\" data-widget_type=\"text-editor.default\">\n\t\t\t\t\t\t\t\t\t<p>Les probl\u00e8mes de s\u00e9curit\u00e9 alimentaire et de logement compromettent l\u2019incroyable potentiel humain des personnes vivant dans des r\u00e9gions isol\u00e9es. Face \u00e0 l\u2019urgence de la situation, et sans infrastructures ad\u00e9quates, la d\u00e9fense de l\u2019Arctique est difficile. Le changement climatique entra\u00eene des catastrophes plus fortes et plus fr\u00e9quentes, telles que des incendies de for\u00eat et des ph\u00e9nom\u00e8nes m\u00e9t\u00e9orologiques extr\u00eames: assurer les ressources essentielles dans les r\u00e9gions recul\u00e9es du Canada exige des solutions de transport efficaces.<\/p>\n<p><strong>La solution : Dirigeables, v\u00e9hicules a\u00e9riens hybrides et technologies a\u00e9rostatiques<\/strong><\/p>\n<p>La nouvelle g\u00e9n\u00e9ration de dirigeables et de v\u00e9hicules plus l\u00e9gers que l\u2019air (LTA) prend son envol. Des efforts internationaux visionnaires permettent de repenser l\u2019aviation et d\u2019acc\u00e9der \u00e0 des zones recul\u00e9es. Le Canada sera \u00e0 l\u2019avant-garde de cette aventure.<\/p>\n\t\t\t\t\t\t\t\t<\/div>\n\t\t\t\t<\/div>\n\t\t<div class=\"elementor-element elementor-element-5d66368 e-con-full e-flex e-con e-child\" data-id=\"5d66368\" data-element_type=\"container\" data-e-type=\"container\" data-settings=\"{&quot;background_background&quot;:&quot;classic&quot;}\">\n\t\t\t\t<div class=\"elementor-element elementor-element-5b8bae3 elementor-widget elementor-widget-spacer\" data-id=\"5b8bae3\" data-element_type=\"widget\" data-e-type=\"widget\" data-widget_type=\"spacer.default\">\n\t\t\t\t\t\t\t<div class=\"elementor-spacer\">\n\t\t\t<div class=\"elementor-spacer-inner\"><\/div>\n\t\t<\/div>\n\t\t\t\t\t\t<\/div>\n\t\t\t\t<\/div>\n\t\t\t\t\t<\/div>\n\t\t\t\t<\/div>\n\t\t<div class=\"elementor-element elementor-element-f168621 e-flex e-con-boxed e-con e-parent\" data-id=\"f168621\" data-element_type=\"container\" data-e-type=\"container\">\n\t\t\t\t\t<div class=\"e-con-inner\">\n\t\t\t\t<div class=\"elementor-element elementor-element-9a18ead elementor-widget elementor-widget-text-editor\" data-id=\"9a18ead\" data-element_type=\"widget\" data-e-type=\"widget\" data-widget_type=\"text-editor.default\">\n\t\t\t\t\t\t\t\t\t<h3><b>Alliance CANHAV :<\/b><span style=\"font-weight: 400;\"> Connecter l&rsquo;industrie des dirigeables <\/span><\/h3>\n<p>Nous comblons le foss\u00e9 entre l\u2019innovation technologique, la gouvernance progressive, le d\u00e9veloppement des infrastructures, les relations publiques et l\u2019investissement en capital.<\/p>\n\t\t\t\t\t\t\t\t<\/div>\n\t\t\t\t<div class=\"elementor-element elementor-element-208c017 elementor-align-center elementor-widget elementor-widget-button\" data-id=\"208c017\" data-element_type=\"widget\" data-e-type=\"widget\" data-widget_type=\"button.default\">\n\t\t\t\t\t\t\t\t\t\t<a class=\"elementor-button elementor-button-link elementor-size-sm\" href=\"https:\/\/canhav.ca\/fr\/prendre-son-envol\/\">\n\t\t\t\t\t\t<span class=\"elementor-button-content-wrapper\">\n\t\t\t\t\t\t\t\t\t<span class=\"elementor-button-text\">EXPLORER<\/span>\n\t\t\t\t\t<\/span>\n\t\t\t\t\t<\/a>\n\t\t\t\t\t\t\t\t<\/div>\n\t\t\t\t<div class=\"elementor-element elementor-element-bd14b56 elementor-widget elementor-widget-heading\" data-id=\"bd14b56\" data-element_type=\"widget\" data-e-type=\"widget\" data-widget_type=\"heading.default\">\n\t\t\t\t\t<h2 class=\"elementor-heading-title elementor-size-default\">Notre mission commence ici :<\/h2>\t\t\t\t<\/div>\n\t\t\t\t\t<\/div>\n\t\t\t\t<\/div>\n\t\t<div class=\"elementor-element elementor-element-62759a0 e-grid e-con-boxed e-con e-parent\" data-id=\"62759a0\" data-element_type=\"container\" data-e-type=\"container\">\n\t\t\t\t\t<div class=\"e-con-inner\">\n\t\t\t\t<div class=\"elementor-element elementor-element-1a4abd1 elementor-flip-box--effect-slide elementor-flip-box--direction-left elementor-widget elementor-widget-flip-box\" data-id=\"1a4abd1\" data-element_type=\"widget\" data-e-type=\"widget\" data-widget_type=\"flip-box.default\">\n\t\t\t\t\t\t\t<div class=\"elementor-flip-box\" tabindex=\"0\">\n\t\t\t<div class=\"elementor-flip-box__layer elementor-flip-box__front\">\n\t\t\t\t<div class=\"elementor-flip-box__layer__overlay\">\n\t\t\t\t\t<div class=\"elementor-flip-box__layer__inner\">\n\t\t\t\t\t\t\t\t\t\t\t\t\t<div class=\"elementor-icon-wrapper elementor-view-default\">\n\t\t\t\t\t\t\t\t<div class=\"elementor-icon\">\n\t\t\t\t\t\t\t\t\t<svg aria-hidden=\"true\" class=\"e-font-icon-svg e-fas-rocket\" viewBox=\"0 0 512 512\" xmlns=\"http:\/\/www.w3.org\/2000\/svg\"><path d=\"M505.12019,19.09375c-1.18945-5.53125-6.65819-11-12.207-12.1875C460.716,0,435.507,0,410.40747,0,307.17523,0,245.26909,55.20312,199.05238,128H94.83772c-16.34763.01562-35.55658,11.875-42.88664,26.48438L2.51562,253.29688A28.4,28.4,0,0,0,0,264a24.00867,24.00867,0,0,0,24.00582,24H127.81618l-22.47457,22.46875c-11.36521,11.36133-12.99607,32.25781,0,45.25L156.24582,406.625c11.15623,11.1875,32.15619,13.15625,45.27726,0l22.47457-22.46875V488a24.00867,24.00867,0,0,0,24.00581,24,28.55934,28.55934,0,0,0,10.707-2.51562l98.72834-49.39063c14.62888-7.29687,26.50776-26.5,26.50776-42.85937V312.79688c72.59753-46.3125,128.03493-108.40626,128.03493-211.09376C512.07526,76.5,512.07526,51.29688,505.12019,19.09375ZM384.04033,168A40,40,0,1,1,424.05,128,40.02322,40.02322,0,0,1,384.04033,168Z\"><\/path><\/svg>\t\t\t\t\t\t\t\t<\/div>\n\t\t\t\t\t\t\t<\/div>\n\t\t\t\t\t\t\n\t\t\t\t\t\t\t\t\t\t\t\t\t<h3 class=\"elementor-flip-box__layer__title\">\n\t\t\t\t\t\t\t\tFavoriser l'innovation\t\t\t\t\t\t\t<\/h3>\n\t\t\t\t\t\t\n\t\t\t\t\t\t\t\t\t\t\t<\/div>\n\t\t\t\t<\/div>\n\t\t\t<\/div>\n\t\t\t<div class=\"elementor-flip-box__layer elementor-flip-box__back\">\n\t\t\t<div class=\"elementor-flip-box__layer__overlay\">\n\t\t\t\t<div class=\"elementor-flip-box__layer__inner\">\n\t\t\t\t\t\n\t\t\t\t\t\t\t\t\t\t\t<div class=\"elementor-flip-box__layer__description\">\n\t\t\t\t\t\t\tNous donnons la priorit\u00e9 au d\u00e9veloppement de technologies et de services li\u00e9s aux dirigeables et aux a\u00e9rostats, en mettant l'accent sur la s\u00e9curit\u00e9 et la durabilit\u00e9 de l\u2019environnement. En collaboration avec les leaders de l'industrie et les parties prenantes, nous cherchons \u00e0 repousser les limites du possible, tout en garantissant un impact minimal sur l'environnement. \t\t\t\t\t\t<\/div>\n\t\t\t\t\t\n\t\t\t\t\t\t\t\t<\/div>\n\t\t<\/div>\n\t\t<\/div>\n\t\t<\/div>\n\t\t\t\t\t\t<\/div>\n\t\t\t\t<div class=\"elementor-element elementor-element-4aacba7 elementor-flip-box--effect-slide elementor-flip-box--direction-left elementor-widget elementor-widget-flip-box\" data-id=\"4aacba7\" data-element_type=\"widget\" data-e-type=\"widget\" data-widget_type=\"flip-box.default\">\n\t\t\t\t\t\t\t<div class=\"elementor-flip-box\" tabindex=\"0\">\n\t\t\t<div class=\"elementor-flip-box__layer elementor-flip-box__front\">\n\t\t\t\t<div class=\"elementor-flip-box__layer__overlay\">\n\t\t\t\t\t<div class=\"elementor-flip-box__layer__inner\">\n\t\t\t\t\t\t\t\t\t\t\t\t\t<div class=\"elementor-icon-wrapper elementor-view-default\">\n\t\t\t\t\t\t\t\t<div class=\"elementor-icon\">\n\t\t\t\t\t\t\t\t\t<svg aria-hidden=\"true\" class=\"e-font-icon-svg e-fas-hands-helping\" viewBox=\"0 0 640 512\" xmlns=\"http:\/\/www.w3.org\/2000\/svg\"><path d=\"M488 192H336v56c0 39.7-32.3 72-72 72s-72-32.3-72-72V126.4l-64.9 39C107.8 176.9 96 197.8 96 220.2v47.3l-80 46.2C.7 322.5-4.6 342.1 4.3 357.4l80 138.6c8.8 15.3 28.4 20.5 43.7 11.7L231.4 448H368c35.3 0 64-28.7 64-64h16c17.7 0 32-14.3 32-32v-64h8c13.3 0 24-10.7 24-24v-48c0-13.3-10.7-24-24-24zm147.7-37.4L555.7 16C546.9.7 527.3-4.5 512 4.3L408.6 64H306.4c-12 0-23.7 3.4-33.9 9.7L239 94.6c-9.4 5.8-15 16.1-15 27.1V248c0 22.1 17.9 40 40 40s40-17.9 40-40v-88h184c30.9 0 56 25.1 56 56v28.5l80-46.2c15.3-8.9 20.5-28.4 11.7-43.7z\"><\/path><\/svg>\t\t\t\t\t\t\t\t<\/div>\n\t\t\t\t\t\t\t<\/div>\n\t\t\t\t\t\t\n\t\t\t\t\t\t\t\t\t\t\t\t\t<h3 class=\"elementor-flip-box__layer__title\">\n\t\t\t\t\t\t\t\tRenforcer les communaut\u00e9s\t\t\t\t\t\t\t<\/h3>\n\t\t\t\t\t\t\n\t\t\t\t\t\t\t\t\t\t\t<\/div>\n\t\t\t\t<\/div>\n\t\t\t<\/div>\n\t\t\t<div class=\"elementor-flip-box__layer elementor-flip-box__back\">\n\t\t\t<div class=\"elementor-flip-box__layer__overlay\">\n\t\t\t\t<div class=\"elementor-flip-box__layer__inner\">\n\t\t\t\t\t\n\t\t\t\t\t\t\t\t\t\t\t<div class=\"elementor-flip-box__layer__description\">\n\t\t\t\t\t\t\tNotre mission est de soutenir les communaut\u00e9s locales, et nous nous appuyons sur notre lien  privil\u00e9gi\u00e9 avec les peuples indig\u00e8nes, M\u00e9tis et Inuit. Gr\u00e2ce \u00e0 un engagement et \u00e0 des partenariats significatifs, nous nous effor\u00e7ons de maximiser les avantages socio-\u00e9conomiques de l'exploitation des dirigeables et des a\u00e9rostats pour les communaut\u00e9s qui b\u00e9n\u00e9ficieront de leur utilisation, en nous appuyant sur des principes de confiance et de r\u00e9conciliation.\t\t\t\t\t\t<\/div>\n\t\t\t\t\t\n\t\t\t\t\t\t\t\t<\/div>\n\t\t<\/div>\n\t\t<\/div>\n\t\t<\/div>\n\t\t\t\t\t\t<\/div>\n\t\t\t\t<div class=\"elementor-element elementor-element-a4d6aca elementor-flip-box--effect-slide elementor-flip-box--direction-left elementor-widget elementor-widget-flip-box\" data-id=\"a4d6aca\" data-element_type=\"widget\" data-e-type=\"widget\" data-widget_type=\"flip-box.default\">\n\t\t\t\t\t\t\t<div class=\"elementor-flip-box\" tabindex=\"0\">\n\t\t\t<div class=\"elementor-flip-box__layer elementor-flip-box__front\">\n\t\t\t\t<div class=\"elementor-flip-box__layer__overlay\">\n\t\t\t\t\t<div class=\"elementor-flip-box__layer__inner\">\n\t\t\t\t\t\t\t\t\t\t\t\t\t<div class=\"elementor-icon-wrapper elementor-view-default\">\n\t\t\t\t\t\t\t\t<div class=\"elementor-icon\">\n\t\t\t\t\t\t\t\t\t<svg aria-hidden=\"true\" class=\"e-font-icon-svg e-fas-ambulance\" viewBox=\"0 0 640 512\" xmlns=\"http:\/\/www.w3.org\/2000\/svg\"><path d=\"M624 352h-16V243.9c0-12.7-5.1-24.9-14.1-33.9L494 110.1c-9-9-21.2-14.1-33.9-14.1H416V48c0-26.5-21.5-48-48-48H48C21.5 0 0 21.5 0 48v320c0 26.5 21.5 48 48 48h16c0 53 43 96 96 96s96-43 96-96h128c0 53 43 96 96 96s96-43 96-96h48c8.8 0 16-7.2 16-16v-32c0-8.8-7.2-16-16-16zM160 464c-26.5 0-48-21.5-48-48s21.5-48 48-48 48 21.5 48 48-21.5 48-48 48zm144-248c0 4.4-3.6 8-8 8h-56v56c0 4.4-3.6 8-8 8h-48c-4.4 0-8-3.6-8-8v-56h-56c-4.4 0-8-3.6-8-8v-48c0-4.4 3.6-8 8-8h56v-56c0-4.4 3.6-8 8-8h48c4.4 0 8 3.6 8 8v56h56c4.4 0 8 3.6 8 8v48zm176 248c-26.5 0-48-21.5-48-48s21.5-48 48-48 48 21.5 48 48-21.5 48-48 48zm80-208H416V144h44.1l99.9 99.9V256z\"><\/path><\/svg>\t\t\t\t\t\t\t\t<\/div>\n\t\t\t\t\t\t\t<\/div>\n\t\t\t\t\t\t\n\t\t\t\t\t\t\t\t\t\t\t\t\t<h3 class=\"elementor-flip-box__layer__title\">\n\t\t\t\t\t\t\t\tRenforcer la s\u00e9curit\u00e9 publique\t\t\t\t\t\t\t<\/h3>\n\t\t\t\t\t\t\n\t\t\t\t\t\t\t\t\t\t\t<\/div>\n\t\t\t\t<\/div>\n\t\t\t<\/div>\n\t\t\t<div class=\"elementor-flip-box__layer elementor-flip-box__back\">\n\t\t\t<div class=\"elementor-flip-box__layer__overlay\">\n\t\t\t\t<div class=\"elementor-flip-box__layer__inner\">\n\t\t\t\t\t\n\t\t\t\t\t\t\t\t\t\t\t<div class=\"elementor-flip-box__layer__description\">\n\t\t\t\t\t\t\tNous nous attachons \u00e0 d\u00e9velopper des politiques et des comp\u00e9tences qui priorisent  la s\u00e9curit\u00e9 publique, la gestion r\u00e9gionale des situations d'urgence et des catastrophes, et la logistique humanitaire internationale. En tirant parti de notre expertise et de nos ressources, nous voulons contribuer \u00e0 une soci\u00e9t\u00e9 plus s\u00fbre et plus r\u00e9siliente, tant au niveau national qu'\u00e0 l'\u00e9tranger. Nous croyons en l'utilisation pacifique des technologies des dirigeables et plaidons en faveur d'une conception, d'une construction et d'une utilisation \u00e9thiques.\t\t\t\t\t\t<\/div>\n\t\t\t\t\t\n\t\t\t\t\t\t\t\t<\/div>\n\t\t<\/div>\n\t\t<\/div>\n\t\t<\/div>\n\t\t\t\t\t\t<\/div>\n\t\t\t\t\t<\/div>\n\t\t\t\t<\/div>\n\t\t<div class=\"elementor-element elementor-element-e6f7f8b e-con-full e-flex e-con e-parent\" data-id=\"e6f7f8b\" data-element_type=\"container\" data-e-type=\"container\">\n\t\t\t\t<div class=\"elementor-element elementor-element-3047ffe elementor-widget elementor-widget-image\" data-id=\"3047ffe\" data-element_type=\"widget\" data-e-type=\"widget\" data-widget_type=\"image.default\">\n\t\t\t\t\t\t\t\t\t\t\t\t\t\t\t<img fetchpriority=\"high\" decoding=\"async\" width=\"1600\" height=\"450\" src=\"https:\/\/canhav.ca\/wp-content\/uploads\/2024\/07\/AllianceHandshake-copy.webp\" class=\"attachment-full size-full wp-image-199\" alt=\"handshake in black and white\" srcset=\"https:\/\/canhav.ca\/wp-content\/uploads\/2024\/07\/AllianceHandshake-copy.webp 1600w, https:\/\/canhav.ca\/wp-content\/uploads\/2024\/07\/AllianceHandshake-copy-300x84.webp 300w, https:\/\/canhav.ca\/wp-content\/uploads\/2024\/07\/AllianceHandshake-copy-1024x288.webp 1024w, https:\/\/canhav.ca\/wp-content\/uploads\/2024\/07\/AllianceHandshake-copy-768x216.webp 768w, https:\/\/canhav.ca\/wp-content\/uploads\/2024\/07\/AllianceHandshake-copy-1536x432.webp 1536w\" sizes=\"(max-width: 1600px) 100vw, 1600px\" \/>\t\t\t\t\t\t\t\t\t\t\t\t\t\t\t<\/div>\n\t\t\t\t<div class=\"elementor-element elementor-element-f27a7dc elementor-widget__width-initial elementor-widget elementor-widget-text-editor\" data-id=\"f27a7dc\" data-element_type=\"widget\" data-e-type=\"widget\" data-widget_type=\"text-editor.default\">\n\t\t\t\t\t\t\t\t\t<h2>Naviguer vers l&rsquo;avenir : La vision de l&rsquo;Alliance CANHAV<\/h2>\n<p>Les technologies des dirigeables permettent d\u2019assurer de nombreux services essentiels tout en maintenant de faibles \u00e9missions et une infrastructure minimale par rapport au transport conventionnel. Ces innovations ont le pouvoir de rejoindre les gens autrement, en transformant les cha\u00eenes d\u2019approvisionnement pour les communaut\u00e9s rurales et isol\u00e9es. De nombreuses entreprises internationales investissent des milliards pour d\u00e9velopper ces technologies, avec plusieurs prototypes d\u00e9j\u00e0 en vol dans le monde entier. Nous pensons que le Canada est l\u2019endroit id\u00e9al pour d\u00e9velopper et implanter ces technologies de transport a\u00e9rien \u00e0 faibles \u00e9missions pour la logistique, le tourisme, la d\u00e9fense et les secours en cas de catastrophe, ouvrant ainsi une nouvelle \u00e8re de s\u00e9curit\u00e9 et de prosp\u00e9rit\u00e9.<\/p>\n\t\t\t\t\t\t\t\t<\/div>\n\t\t\t\t<\/div>\n\t\t\t\t<\/div>\n\t\t","protected":false},"excerpt":{"rendered":"<p>PenserPlus grand \u00c9lever l&rsquo;industrie des dirigeables Connectons-nous Alors que le Canada et le monde \u00e9voluent, nous sommes confront\u00e9s \u00e0 une convergence de crises et de d\u00e9fis sans pr\u00e9c\u00e9dent. Le changement climatique bouleverse notre vision des transports de demain et nous demande d\u2019adopter rapidement des technologies plus \u00e9cologiques. La fonte du perg\u00e9lisol fragilise les routes de [&hellip;]<\/p>\n","protected":false},"author":1,"featured_media":0,"parent":0,"menu_order":0,"comment_status":"closed","ping_status":"closed","template":"","meta":{"footnotes":""},"class_list":["post-169","page","type-page","status-publish","hentry"],"_links":{"self":[{"href":"https:\/\/canhav.ca\/fr\/wp-json\/wp\/v2\/pages\/169","targetHints":{"allow":["GET"]}}],"collection":[{"href":"https:\/\/canhav.ca\/fr\/wp-json\/wp\/v2\/pages"}],"about":[{"href":"https:\/\/canhav.ca\/fr\/wp-json\/wp\/v2\/types\/page"}],"author":[{"embeddable":true,"href":"https:\/\/canhav.ca\/fr\/wp-json\/wp\/v2\/users\/1"}],"replies":[{"embeddable":true,"href":"https:\/\/canhav.ca\/fr\/wp-json\/wp\/v2\/comments?post=169"}],"version-history":[{"count":0,"href":"https:\/\/canhav.ca\/fr\/wp-json\/wp\/v2\/pages\/169\/revisions"}],"wp:attachment":[{"href":"https:\/\/canhav.ca\/fr\/wp-json\/wp\/v2\/media?parent=169"}],"curies":[{"name":"wp","href":"https:\/\/api.w.org\/{rel}","templated":true}]}}